{"id":1010,"date":"2019-07-18T09:48:08","date_gmt":"2019-07-18T06:48:08","guid":{"rendered":"http:\/\/www.dewlemend.com\/enerji\/?page_id=1010"},"modified":"2022-10-25T09:46:16","modified_gmt":"2022-10-25T06:46:16","slug":"vizyon-misyon","status":"publish","type":"page","link":"https:\/\/www.dewlemend.com\/enerji\/vizyon-misyon\/","title":{"rendered":"Vizyon &#8211; Misyon"},"content":{"rendered":"<p>[vc_row][vc_column width=&#8221;1\/4&#8243; offset=&#8221;vc_hidden-xs&#8221;][vc_wp_custommenu nav_menu=&#8221;18&#8243; el_class=&#8221;sayfamenu&#8221;][\/vc_column][vc_column width=&#8221;3\/4&#8243;][vc_single_image image=&#8221;3014&#8243; img_size=&#8221;full&#8221; alignment=&#8221;center&#8221; style=&#8221;vc_box_shadow&#8221; css=&#8221;.vc_custom_1665744803093{border-top-width: 1px !important;border-right-width: 1px !important;border-bottom-width: 1px !important;border-left-width: 1px !important;border-left-color: #012060 !important;border-left-style: solid !important;border-right-color: #012060 !important;border-right-style: solid !important;border-top-color: #012060 !important;border-top-style: solid !important;border-bottom-color: #012060 !important;border-bottom-style: solid !important;}&#8221;][vc_column_text]<\/p>\n<h2><strong>V\u0130ZYONUMUZ<\/strong><\/h2>\n<h3><strong>HEM L\u0130DER, HEM \u00d6NC\u00dc OLMAK<\/strong><\/h3>\n<p>\u00dclkemizde g\u00f6sterdi\u011fimiz ba\u015far\u0131lara, yurt d\u0131\u015f\u0131 projelerimizle yenilerini ekleyip k\u00fcresel bir marka haline gelerek sadece lider de\u011fil, \u00f6nc\u00fc olmak.<\/p>\n<p>Vizyonumuz k\u00fcreseldir, k\u00fclt\u00fcr\u00fcm\u00fcz hizmet odakl\u0131 ve mevcut d\u00fcnyan\u0131n en sevilen Enerji \u015firketi imaj\u0131n\u0131 d\u00fcnya Enerji sekt\u00f6r\u00fcn\u00fcn tart\u0131\u015f\u0131lmaz liderli\u011fine y\u00fckseltmektir.<\/p>\n<h3>M\u0130SYONUMUZ<\/h3>\n<p>\u201cG\u00fcven, Kalite, Hizmet\u201d de\u011ferlerimizin, t\u00fcm faaliyetlerimizde eksiksiz yer almas\u0131n\u0131 sa\u011flamak.<\/p>\n<p>BAKI\u015e A\u00c7IMIZ PAZAR PAYI \u00dcZER\u0130NE DE\u011e\u0130L.<\/p>\n<p>D\u00dcNYANIN EN DO\u011eAL ENERJ\u0130S\u0130N\u0130 NASIL \u00dcRET\u0130R\u0130Z \u00dcZER\u0130NE KURULU, E\u011eER BUNU BA\u015eARAB\u0130L\u0130RSEK, PAZAR PAYIMIZ ZATEN B\u00dcY\u00dcYECEKT\u0130R.<\/p>\n<h3>TEMEL DE\u011eERLER\u0130M\u0130Z<\/h3>\n<p>DEWLEMEND HOLD\u0130NG b\u00fcnyesinde faaliyet g\u00f6steren DEWLEMEND Enerji olarak biz; faaliyet g\u00f6sterdi\u011fimiz t\u00fcm alanlarda, yapt\u0131\u011f\u0131m\u0131z i\u015fi en iyi \u015fekilde, uluslararas\u0131 standartlara ve T\u00fcrkiye\u2019de belirtilen mevzuatlara uygun, eksiksiz hayata ge\u00e7irmekle, \u00f6rnek ve \u00f6nc\u00fc olmakla y\u00fck\u00fcml\u00fcy\u00fcz.<\/p>\n<p>\u00c7al\u0131\u015fmalar\u0131m\u0131za bu temel yakla\u015f\u0131mla ba\u015fl\u0131yor ve bu anlay\u0131\u015ftan taviz vermeden projelerimizi tamaml\u0131yoruz.<\/p>\n<p>G\u00fcven, Kalite, Hizmet; deneyimimizin en do\u011fal refleksleri olarak \u015fekilleniyor.[\/vc_column_text][\/vc_column][\/vc_row]<\/p>\n","protected":false},"excerpt":{"rendered":"<p>[vc_row][vc_column width=&#8221;1\/4&#8243; offset=&#8221;vc_hidden-xs&#8221;][vc_wp_custommenu nav_menu=&#8221;18&#8243; el_class=&#8221;sayfamenu&#8221;][\/vc_column][vc_column width=&#8221;3\/4&#8243;][vc_single_image image=&#8221;3014&#8243; img_size=&#8221;full&#8221; alignment=&#8221;center&#8221; style=&#8221;vc_box_shadow&#8221; css=&#8221;.vc_custom_1665744803093{border-top-width: 1px !important;border-right-width: 1px !important;border-bottom-width: 1px !important;border-left-width: 1px !important;border-left-color: #012060 !important;border-left-style: solid !important;border-right-color: #012060 !important;border-right-style: solid !important;border-top-color: #012060 !important;border-top-style: solid !important;border-bottom-color: #012060 !important;border-bottom-style: solid !important;}&#8221;][vc_column_text] V\u0130ZYONUMUZ HEM L\u0130DER, HEM \u00d6NC\u00dc OLMAK \u00dclkemizde g\u00f6sterdi\u011fimiz ba\u015far\u0131lara, yurt d\u0131\u015f\u0131 projelerimizle yenilerini ekleyip k\u00fcresel bir marka haline gelerek sadece&hellip;<\/p>\n","protected":false},"author":1,"featured_media":0,"parent":0,"menu_order":0,"comment_status":"closed","ping_status":"closed","template":"","meta":[],"_links":{"self":[{"href":"https:\/\/www.dewlemend.com\/enerji\/wp-json\/wp\/v2\/pages\/1010"}],"collection":[{"href":"https:\/\/www.dewlemend.com\/enerji\/wp-json\/wp\/v2\/pages"}],"about":[{"href":"https:\/\/www.dewlemend.com\/enerji\/wp-json\/wp\/v2\/types\/page"}],"author":[{"embeddable":true,"href":"https:\/\/www.dewlemend.com\/enerji\/wp-json\/wp\/v2\/users\/1"}],"replies":[{"embeddable":true,"href":"https:\/\/www.dewlemend.com\/enerji\/wp-json\/wp\/v2\/comments?post=1010"}],"version-history":[{"count":3,"href":"https:\/\/www.dewlemend.com\/enerji\/wp-json\/wp\/v2\/pages\/1010\/revisions"}],"predecessor-version":[{"id":3093,"href":"https:\/\/www.dewlemend.com\/enerji\/wp-json\/wp\/v2\/pages\/1010\/revisions\/3093"}],"wp:attachment":[{"href":"https:\/\/www.dewlemend.com\/enerji\/wp-json\/wp\/v2\/media?parent=1010"}],"curies":[{"name":"wp","href":"https:\/\/api.w.org\/{rel}","templated":true}]}}