{"id":1766,"date":"2020-04-14T15:37:00","date_gmt":"2020-04-14T12:37:00","guid":{"rendered":"https:\/\/www.dewlemend.com\/enerji\/?page_id=1766"},"modified":"2022-10-14T14:19:49","modified_gmt":"2022-10-14T11:19:49","slug":"ruzgar-enerjisi-projeleri","status":"publish","type":"page","link":"https:\/\/www.dewlemend.com\/enerji\/ruzgar-enerjisi-projeleri\/","title":{"rendered":"R\u00fczgar Enerjisi Projeleri"},"content":{"rendered":"<p>[vc_row][vc_column]<div class=\"dt-shortcode with-isotope\"><div class=\"wf-container dt-portfolio-shortcode loading-effect-none iso-grid bg-under-post description-under-image content-align-centre\" data-padding=\"20px\" data-cur-page=\"1\" data-posts-per-page=\"-1\" data-width=\"370px\" data-columns=\"3\">\n<div class=\"wf-cell\" data-post-id=\"2502\" data-date=\"2021-12-13T11:08:36+03:00\" data-name=\"Adana Res Projemiz Kurulu G\u00fc\u00e7 7935 Kwp\">\n<article class=\"post post-2502 dt_portfolio type-dt_portfolio status-publish has-post-thumbnail hentry dt_portfolio_category-ruzgar-enerjisi dt_portfolio_category-44 bg-on text-centered\">\n\n\t<div class=\"project-list-media\">\n\t<figure class=\"buttons-on-img \">\n\t\t<a href=\"https:\/\/www.dewlemend.com\/enerji\/proje\/adana-res-projemiz-kurulu-guc-7935-kwp\/\" class=\"alignnone rollover layzr-bg\" title=\"ruzgar-enerjisi-resim-1\"  aria-label=\"Post image\"><img class=\"preload-me iso-lazy-load\" src=\"data:image\/svg+xml,%3Csvg%20xmlns%3D&#39;http%3A%2F%2Fwww.w3.org%2F2000%2Fsvg&#39;%20viewBox%3D&#39;0%200%20555%20353&#39;%2F%3E\" data-src=\"https:\/\/www.dewlemend.com\/enerji\/wp-content\/uploads\/2021\/12\/ruzgar-enerjisi-resim-1-555x353.jpg\" data-srcset=\"https:\/\/www.dewlemend.com\/enerji\/wp-content\/uploads\/2021\/12\/ruzgar-enerjisi-resim-1-555x353.jpg 555w, https:\/\/www.dewlemend.com\/enerji\/wp-content\/uploads\/2021\/12\/ruzgar-enerjisi-resim-1.jpg 715w\" alt=\"\" width=\"555\" height=\"353\"  \/><\/a>\t\t\t<\/figure>\n<\/div>\n<div class=\"project-list-content\">\n\t<h3 class=\"entry-title\"><a href=\"https:\/\/www.dewlemend.com\/enerji\/proje\/adana-res-projemiz-kurulu-guc-7935-kwp\/\" title=\"Adana Res Projemiz Kurulu G\u00fc\u00e7 7935 Kwp\" rel=\"bookmark\">Adana Res Projemiz Kurulu G\u00fc\u00e7 7935 Kwp<\/a><\/h3><\/div>\n<\/article>\n\n<\/div>\n<div class=\"wf-cell\" data-post-id=\"2478\" data-date=\"2021-12-13T10:40:56+03:00\" data-name=\"Bal\u0131kesir Res Projemiz Kurulu G\u00fc\u00e7 7350 Kwp\">\n<article class=\"post post-2478 dt_portfolio type-dt_portfolio status-publish has-post-thumbnail hentry dt_portfolio_category-ruzgar-enerjisi dt_portfolio_category-44 bg-on text-centered\">\n\n\t<div class=\"project-list-media\">\n\t<figure class=\"buttons-on-img \">\n\t\t<a href=\"https:\/\/www.dewlemend.com\/enerji\/proje\/balikesir-res-projemiz-kurulu-guc-7350-kwp\/\" class=\"alignnone rollover layzr-bg\" title=\"ruzgar-enerjisi-resim-2\"  aria-label=\"Post image\"><img class=\"preload-me iso-lazy-load\" src=\"data:image\/svg+xml,%3Csvg%20xmlns%3D&#39;http%3A%2F%2Fwww.w3.org%2F2000%2Fsvg&#39;%20viewBox%3D&#39;0%200%20555%20353&#39;%2F%3E\" data-src=\"https:\/\/www.dewlemend.com\/enerji\/wp-content\/uploads\/2021\/12\/ruzgar-enerjisi-resim-2-555x353.jpg\" data-srcset=\"https:\/\/www.dewlemend.com\/enerji\/wp-content\/uploads\/2021\/12\/ruzgar-enerjisi-resim-2-555x353.jpg 555w, https:\/\/www.dewlemend.com\/enerji\/wp-content\/uploads\/2021\/12\/ruzgar-enerjisi-resim-2.jpg 715w\" alt=\"\" width=\"555\" height=\"353\"  \/><\/a>\t\t\t<\/figure>\n<\/div>\n<div class=\"project-list-content\">\n\t<h3 class=\"entry-title\"><a href=\"https:\/\/www.dewlemend.com\/enerji\/proje\/balikesir-res-projemiz-kurulu-guc-7350-kwp\/\" title=\"Bal\u0131kesir Res Projemiz Kurulu G\u00fc\u00e7 7350 Kwp\" rel=\"bookmark\">Bal\u0131kesir Res Projemiz Kurulu G\u00fc\u00e7 7350 Kwp<\/a><\/h3><\/div>\n<\/article>\n\n<\/div><\/div><\/div>[\/vc_column][\/vc_row]<\/p>\n","protected":false},"excerpt":{"rendered":"<p>[vc_row][vc_column][\/vc_column][\/vc_row]<\/p>\n","protected":false},"author":1,"featured_media":0,"parent":0,"menu_order":0,"comment_status":"closed","ping_status":"closed","template":"","meta":[],"_links":{"self":[{"href":"https:\/\/www.dewlemend.com\/enerji\/wp-json\/wp\/v2\/pages\/1766"}],"collection":[{"href":"https:\/\/www.dewlemend.com\/enerji\/wp-json\/wp\/v2\/pages"}],"about":[{"href":"https:\/\/www.dewlemend.com\/enerji\/wp-json\/wp\/v2\/types\/page"}],"author":[{"embeddable":true,"href":"https:\/\/www.dewlemend.com\/enerji\/wp-json\/wp\/v2\/users\/1"}],"replies":[{"embeddable":true,"href":"https:\/\/www.dewlemend.com\/enerji\/wp-json\/wp\/v2\/comments?post=1766"}],"version-history":[{"count":1,"href":"https:\/\/www.dewlemend.com\/enerji\/wp-json\/wp\/v2\/pages\/1766\/revisions"}],"predecessor-version":[{"id":3041,"href":"https:\/\/www.dewlemend.com\/enerji\/wp-json\/wp\/v2\/pages\/1766\/revisions\/3041"}],"wp:attachment":[{"href":"https:\/\/www.dewlemend.com\/enerji\/wp-json\/wp\/v2\/media?parent=1766"}],"curies":[{"name":"wp","href":"https:\/\/api.w.org\/{rel}","templated":true}]}}