{"id":2687,"date":"2022-09-14T10:00:38","date_gmt":"2022-09-14T07:00:38","guid":{"rendered":"https:\/\/www.dewlemend.com\/enerji\/?page_id=2687"},"modified":"2022-10-24T17:47:05","modified_gmt":"2022-10-24T14:47:05","slug":"yonetim-semasi","status":"publish","type":"page","link":"https:\/\/www.dewlemend.com\/enerji\/yonetim-semasi\/","title":{"rendered":"Y\u00f6netim \u015eemas\u0131"},"content":{"rendered":"<p>[vc_row][vc_column][vc_single_image image=&#8221;3083&#8243; img_size=&#8221;full&#8221; alignment=&#8221;center&#8221;][\/vc_column][\/vc_row]<\/p>\n","protected":false},"excerpt":{"rendered":"<p>[vc_row][vc_column][vc_single_image image=&#8221;3083&#8243; img_size=&#8221;full&#8221; alignment=&#8221;center&#8221;][\/vc_column][\/vc_row]<\/p>\n","protected":false},"author":1,"featured_media":0,"parent":0,"menu_order":0,"comment_status":"closed","ping_status":"closed","template":"","meta":[],"_links":{"self":[{"href":"https:\/\/www.dewlemend.com\/enerji\/wp-json\/wp\/v2\/pages\/2687"}],"collection":[{"href":"https:\/\/www.dewlemend.com\/enerji\/wp-json\/wp\/v2\/pages"}],"about":[{"href":"https:\/\/www.dewlemend.com\/enerji\/wp-json\/wp\/v2\/types\/page"}],"author":[{"embeddable":true,"href":"https:\/\/www.dewlemend.com\/enerji\/wp-json\/wp\/v2\/users\/1"}],"replies":[{"embeddable":true,"href":"https:\/\/www.dewlemend.com\/enerji\/wp-json\/wp\/v2\/comments?post=2687"}],"version-history":[{"count":2,"href":"https:\/\/www.dewlemend.com\/enerji\/wp-json\/wp\/v2\/pages\/2687\/revisions"}],"predecessor-version":[{"id":3084,"href":"https:\/\/www.dewlemend.com\/enerji\/wp-json\/wp\/v2\/pages\/2687\/revisions\/3084"}],"wp:attachment":[{"href":"https:\/\/www.dewlemend.com\/enerji\/wp-json\/wp\/v2\/media?parent=2687"}],"curies":[{"name":"wp","href":"https:\/\/api.w.org\/{rel}","templated":true}]}}