{"id":978,"date":"2019-07-17T17:48:49","date_gmt":"2019-07-17T14:48:49","guid":{"rendered":"http:\/\/www.dewlemend.com\/enerji\/?page_id=978"},"modified":"2022-10-06T10:36:16","modified_gmt":"2022-10-06T07:36:16","slug":"grup-sirketleri","status":"publish","type":"page","link":"https:\/\/www.dewlemend.com\/enerji\/grup-sirketleri\/","title":{"rendered":"Grup \u015eirketleri"},"content":{"rendered":"<p>[vc_row][vc_column width=&#8221;1\/4&#8243; offset=&#8221;vc_hidden-xs&#8221;][vc_wp_custommenu nav_menu=&#8221;18&#8243; el_class=&#8221;sayfamenu&#8221;][\/vc_column][vc_column width=&#8221;3\/4&#8243;][vc_row_inner][vc_column_inner width=&#8221;1\/4&#8243;][vc_single_image image=&#8221;2780&#8243; img_size=&#8221;full&#8221; alignment=&#8221;center&#8221; style=&#8221;vc_box_shadow&#8221;][\/vc_column_inner][vc_column_inner width=&#8221;3\/4&#8243;][vc_column_text]<\/p>\n<h2 style=\"font-size: 27px;\">Dewlemend Holding A.\u015e.<\/h2>\n<p>Dewlemend, T\u00fcrkiye\u2019nin en k\u00f6kl\u00fc ve itibarl\u0131 b\u00fcy\u00fck i\u015fletmelerinden biridir. \u0130n\u015faat, gayrimenkul, enerji ve in\u015faat ekipmanlar\u0131 sekt\u00f6rlerinde hizmet verir.[\/vc_column_text][\/vc_column_inner][\/vc_row_inner][vc_row_inner][vc_column_inner width=&#8221;1\/4&#8243;][vc_single_image image=&#8221;2780&#8243; img_size=&#8221;full&#8221; alignment=&#8221;center&#8221; style=&#8221;vc_box_shadow&#8221;][\/vc_column_inner][vc_column_inner width=&#8221;3\/4&#8243;][vc_column_text]<\/p>\n<h2 style=\"font-size: 27px;\">Dewlemend Gayrimenkul A.\u015e.<\/h2>\n<p>Dewlemend lokomotifi olan Dewlemend Gayrimenkul, 25 y\u0131ll\u0131k ge\u00e7mi\u015fiyle gayrimenkul sekt\u00f6r\u00fcn\u00fcn en deneyimli kurulu\u015flar\u0131ndan biridir.[\/vc_column_text][\/vc_column_inner][\/vc_row_inner][vc_row_inner][vc_column_inner width=&#8221;1\/4&#8243;][vc_single_image image=&#8221;2780&#8243; img_size=&#8221;full&#8221; alignment=&#8221;center&#8221; style=&#8221;vc_box_shadow&#8221;][\/vc_column_inner][vc_column_inner width=&#8221;3\/4&#8243;][vc_column_text]<\/p>\n<h2 style=\"font-size: 27px;\">Dewlemend \u0130n\u015faat A.\u015e.<\/h2>\n<p>Dewlemend Grubu&#8217;nun n\u00fcvesini olu\u015fturan Dewlemend \u0130n\u015faat, 25 y\u0131ll\u0131k ge\u00e7mi\u015fiyle in\u015faat sekt\u00f6r\u00fcn\u00fcn en deneyimli kurulu\u015flar\u0131ndan biridir.[\/vc_column_text][\/vc_column_inner][\/vc_row_inner][vc_row_inner][vc_column_inner width=&#8221;1\/4&#8243;][vc_single_image image=&#8221;2780&#8243; img_size=&#8221;full&#8221; alignment=&#8221;center&#8221; style=&#8221;vc_box_shadow&#8221;][\/vc_column_inner][vc_column_inner width=&#8221;3\/4&#8243;][vc_column_text]<\/p>\n<h2 style=\"font-size: 27px;\">Dewlemend Yap\u0131 A.\u015e.<\/h2>\n<p>Dewlemend Grubu&#8217;nun n\u00fcvesini olu\u015fturan Dewlemend Yap\u0131, 25 y\u0131ll\u0131k ge\u00e7mi\u015fiyle yap\u0131 sekt\u00f6r\u00fcn\u00fcn en deneyimli kurulu\u015flar\u0131ndan biridir.[\/vc_column_text][\/vc_column_inner][\/vc_row_inner][vc_row_inner][vc_column_inner width=&#8221;1\/4&#8243;][vc_single_image image=&#8221;2780&#8243; img_size=&#8221;full&#8221; alignment=&#8221;center&#8221; style=&#8221;vc_box_shadow&#8221;][\/vc_column_inner][vc_column_inner width=&#8221;3\/4&#8243;][vc_column_text]<\/p>\n<h2 style=\"font-size: 27px;\">Dewlemend Enerji A.\u015e.<\/h2>\n<p>Dewlemend Enerji da\u011f\u0131t\u0131m ve sat\u0131\u015f i\u015f alanlar\u0131nda yenilik\u00e7i ve farkl\u0131la\u015fm\u0131\u015f uygulamalar\u0131m\u0131z ile, insan\u0131 oda\u011f\u0131m\u0131za al\u0131yor ve t\u00fcm payda\u015flar\u0131m\u0131za de\u011fer yaratmak ad\u0131na D\u00fcnya\u2019n\u0131n enerjisi olarak t\u00fcm enerjimizle \u00e7al\u0131\u015f\u0131yoruz.[\/vc_column_text][\/vc_column_inner][\/vc_row_inner][vc_row_inner][vc_column_inner width=&#8221;1\/4&#8243;][vc_single_image image=&#8221;2780&#8243; img_size=&#8221;full&#8221; alignment=&#8221;center&#8221; style=&#8221;vc_box_shadow&#8221;][\/vc_column_inner][vc_column_inner width=&#8221;3\/4&#8243;][vc_column_text]<\/p>\n<h2 style=\"font-size: 27px;\">Dewlemend Otomotiv A.\u015e.<\/h2>\n<p>Dewlemend Otomotiv 2020 Y\u0131l\u0131nda Uzun D\u00f6nem Filo Ara\u00e7 Kiralama \u0130le Faaliyetlerine Ba\u015flam\u0131\u015ft\u0131r. Dewlemend Otomotiv 2022 Y\u0131l\u0131nda 2. EL Otomobil Al\u0131m Ve Sat\u0131m Faaliyetlerine Ba\u015flam\u0131\u015ft\u0131r.<strong><br \/>\n<\/strong>[\/vc_column_text][\/vc_column_inner][\/vc_row_inner][\/vc_column][\/vc_row]<\/p>\n","protected":false},"excerpt":{"rendered":"<p>[vc_row][vc_column width=&#8221;1\/4&#8243; offset=&#8221;vc_hidden-xs&#8221;][vc_wp_custommenu nav_menu=&#8221;18&#8243; el_class=&#8221;sayfamenu&#8221;][\/vc_column][vc_column width=&#8221;3\/4&#8243;][vc_row_inner][vc_column_inner width=&#8221;1\/4&#8243;][vc_single_image image=&#8221;2780&#8243; img_size=&#8221;full&#8221; alignment=&#8221;center&#8221; style=&#8221;vc_box_shadow&#8221;][\/vc_column_inner][vc_column_inner width=&#8221;3\/4&#8243;][vc_column_text] Dewlemend Holding A.\u015e. Dewlemend, T\u00fcrkiye\u2019nin en k\u00f6kl\u00fc ve itibarl\u0131 b\u00fcy\u00fck i\u015fletmelerinden biridir. \u0130n\u015faat, gayrimenkul, enerji ve in\u015faat ekipmanlar\u0131 sekt\u00f6rlerinde hizmet verir.[\/vc_column_text][\/vc_column_inner][\/vc_row_inner][vc_row_inner][vc_column_inner width=&#8221;1\/4&#8243;][vc_single_image image=&#8221;2780&#8243; img_size=&#8221;full&#8221; alignment=&#8221;center&#8221; style=&#8221;vc_box_shadow&#8221;][\/vc_column_inner][vc_column_inner width=&#8221;3\/4&#8243;][vc_column_text] Dewlemend Gayrimenkul A.\u015e. Dewlemend lokomotifi olan Dewlemend Gayrimenkul, 25 y\u0131ll\u0131k ge\u00e7mi\u015fiyle gayrimenkul sekt\u00f6r\u00fcn\u00fcn en deneyimli kurulu\u015flar\u0131ndan&hellip;<\/p>\n","protected":false},"author":1,"featured_media":0,"parent":0,"menu_order":0,"comment_status":"closed","ping_status":"closed","template":"","meta":[],"_links":{"self":[{"href":"https:\/\/www.dewlemend.com\/enerji\/wp-json\/wp\/v2\/pages\/978"}],"collection":[{"href":"https:\/\/www.dewlemend.com\/enerji\/wp-json\/wp\/v2\/pages"}],"about":[{"href":"https:\/\/www.dewlemend.com\/enerji\/wp-json\/wp\/v2\/types\/page"}],"author":[{"embeddable":true,"href":"https:\/\/www.dewlemend.com\/enerji\/wp-json\/wp\/v2\/users\/1"}],"replies":[{"embeddable":true,"href":"https:\/\/www.dewlemend.com\/enerji\/wp-json\/wp\/v2\/comments?post=978"}],"version-history":[{"count":1,"href":"https:\/\/www.dewlemend.com\/enerji\/wp-json\/wp\/v2\/pages\/978\/revisions"}],"predecessor-version":[{"id":2966,"href":"https:\/\/www.dewlemend.com\/enerji\/wp-json\/wp\/v2\/pages\/978\/revisions\/2966"}],"wp:attachment":[{"href":"https:\/\/www.dewlemend.com\/enerji\/wp-json\/wp\/v2\/media?parent=978"}],"curies":[{"name":"wp","href":"https:\/\/api.w.org\/{rel}","templated":true}]}}