{"id":2317,"date":"2022-09-28T15:56:06","date_gmt":"2022-09-28T12:56:06","guid":{"rendered":"https:\/\/www.dewlemend.com\/gayrimenkul\/?page_id=2317"},"modified":"2022-09-28T15:56:32","modified_gmt":"2022-09-28T12:56:32","slug":"yonetim-semasi","status":"publish","type":"page","link":"https:\/\/www.dewlemend.com\/gayrimenkul\/yonetim-semasi\/","title":{"rendered":"Y\u00f6netim \u015eemas\u0131"},"content":{"rendered":"<p>[vc_row][vc_column][vc_single_image image=&#8221;2325&#8243; img_size=&#8221;full&#8221; alignment=&#8221;center&#8221;][\/vc_column][\/vc_row]<\/p>\n","protected":false},"excerpt":{"rendered":"<p>[vc_row][vc_column][vc_single_image image=&#8221;2325&#8243; img_size=&#8221;full&#8221; alignment=&#8221;center&#8221;][\/vc_column][\/vc_row]<\/p>\n","protected":false},"author":1,"featured_media":0,"parent":0,"menu_order":0,"comment_status":"closed","ping_status":"closed","template":"","meta":[],"_links":{"self":[{"href":"https:\/\/www.dewlemend.com\/gayrimenkul\/wp-json\/wp\/v2\/pages\/2317"}],"collection":[{"href":"https:\/\/www.dewlemend.com\/gayrimenkul\/wp-json\/wp\/v2\/pages"}],"about":[{"href":"https:\/\/www.dewlemend.com\/gayrimenkul\/wp-json\/wp\/v2\/types\/page"}],"author":[{"embeddable":true,"href":"https:\/\/www.dewlemend.com\/gayrimenkul\/wp-json\/wp\/v2\/users\/1"}],"replies":[{"embeddable":true,"href":"https:\/\/www.dewlemend.com\/gayrimenkul\/wp-json\/wp\/v2\/comments?post=2317"}],"version-history":[{"count":2,"href":"https:\/\/www.dewlemend.com\/gayrimenkul\/wp-json\/wp\/v2\/pages\/2317\/revisions"}],"predecessor-version":[{"id":2327,"href":"https:\/\/www.dewlemend.com\/gayrimenkul\/wp-json\/wp\/v2\/pages\/2317\/revisions\/2327"}],"wp:attachment":[{"href":"https:\/\/www.dewlemend.com\/gayrimenkul\/wp-json\/wp\/v2\/media?parent=2317"}],"curies":[{"name":"wp","href":"https:\/\/api.w.org\/{rel}","templated":true}]}}