{"id":2321,"date":"2022-09-28T16:01:45","date_gmt":"2022-09-28T13:01:45","guid":{"rendered":"https:\/\/www.dewlemend.com\/gayrimenkul\/?page_id=2321"},"modified":"2022-11-09T13:29:57","modified_gmt":"2022-11-09T10:29:57","slug":"sosyal-sorumluluk","status":"publish","type":"page","link":"https:\/\/www.dewlemend.com\/gayrimenkul\/sosyal-sorumluluk\/","title":{"rendered":"Sosyal Sorumluluk"},"content":{"rendered":"<p>[vc_row][vc_column width=&#8221;1\/4&#8243; offset=&#8221;vc_hidden-xs&#8221;][vc_wp_custommenu nav_menu=&#8221;18&#8243; el_class=&#8221;sayfamenu&#8221;][\/vc_column][vc_column width=&#8221;3\/4&#8243;][vc_single_image image=&#8221;2331&#8243; img_size=&#8221;full&#8221; style=&#8221;vc_box_shadow&#8221;][vc_column_text]Dewlemend Gayrimenkul yat\u0131r\u0131mlara, inovasyona ve teknolojik \u00e7al\u0131\u015fmalara sa\u011flad\u0131\u011f\u0131 maddi manevi deste\u011fi, sosyal Projelere de uygulayarak vatanda\u015flar\u0131m\u0131za faydal\u0131 olma gayreti i\u00e7erisindedir.<\/p>\n<p>Kaliteli hizmetin ve m\u00fc\u015fteri memnuniyetinin, sosyal projeler ile desteklenmesi gerekti\u011fini savunan Dewlemend Gayrimenkul , Bu fikrini her alanda \u00e7aba sarf etti\u011fi sosyal sorumluluk projeleri ile sa\u011flamla\u015ft\u0131rmaktad\u0131r.<\/p>\n<p>Yard\u0131m eli bekleyen 7\u2019den 70\u2019e t\u00fcm vatanda\u015flar\u0131n yan\u0131nda olmak Dewlemend Gayrimenkul i\u00e7in ana g\u00f6revdir.<\/p>\n<p>Bu sebeple hem \u00fclkemiz s\u0131n\u0131rlar\u0131 i\u00e7erisinde hem de faaliyet g\u00f6sterdi\u011fi \u00fclkelerde d\u00fczenli olarak insana ve hayata de\u011fer katan sosyal sorumluluk projeleri hayata ge\u00e7irmektedir.<\/p>\n<p>E\u011fitim\u2019den Sa\u011fl\u0131k\u2019a, Spor\u2019 dan Sanat\u2019a bir\u00e7ok alanda y\u00fcr\u00fctt\u00fc\u011f\u00fc sosyal sorumluluk projeleriyle elde edilen en ufak bir katk\u0131 bile bir gurur kayna\u011f\u0131d\u0131r.[\/vc_column_text][\/vc_column][\/vc_row]<\/p>\n","protected":false},"excerpt":{"rendered":"<p>[vc_row][vc_column width=&#8221;1\/4&#8243; offset=&#8221;vc_hidden-xs&#8221;][vc_wp_custommenu nav_menu=&#8221;18&#8243; el_class=&#8221;sayfamenu&#8221;][\/vc_column][vc_column width=&#8221;3\/4&#8243;][vc_single_image image=&#8221;2331&#8243; img_size=&#8221;full&#8221; style=&#8221;vc_box_shadow&#8221;][vc_column_text]Dewlemend Gayrimenkul yat\u0131r\u0131mlara, inovasyona ve teknolojik \u00e7al\u0131\u015fmalara sa\u011flad\u0131\u011f\u0131 maddi manevi deste\u011fi, sosyal Projelere de uygulayarak vatanda\u015flar\u0131m\u0131za faydal\u0131 olma gayreti i\u00e7erisindedir. Kaliteli hizmetin ve m\u00fc\u015fteri memnuniyetinin, sosyal projeler ile desteklenmesi gerekti\u011fini savunan Dewlemend Gayrimenkul , Bu fikrini her alanda \u00e7aba sarf etti\u011fi sosyal sorumluluk projeleri ile sa\u011flamla\u015ft\u0131rmaktad\u0131r. Yard\u0131m&hellip;<\/p>\n","protected":false},"author":1,"featured_media":0,"parent":0,"menu_order":0,"comment_status":"closed","ping_status":"closed","template":"","meta":[],"_links":{"self":[{"href":"https:\/\/www.dewlemend.com\/gayrimenkul\/wp-json\/wp\/v2\/pages\/2321"}],"collection":[{"href":"https:\/\/www.dewlemend.com\/gayrimenkul\/wp-json\/wp\/v2\/pages"}],"about":[{"href":"https:\/\/www.dewlemend.com\/gayrimenkul\/wp-json\/wp\/v2\/types\/page"}],"author":[{"embeddable":true,"href":"https:\/\/www.dewlemend.com\/gayrimenkul\/wp-json\/wp\/v2\/users\/1"}],"replies":[{"embeddable":true,"href":"https:\/\/www.dewlemend.com\/gayrimenkul\/wp-json\/wp\/v2\/comments?post=2321"}],"version-history":[{"count":3,"href":"https:\/\/www.dewlemend.com\/gayrimenkul\/wp-json\/wp\/v2\/pages\/2321\/revisions"}],"predecessor-version":[{"id":2618,"href":"https:\/\/www.dewlemend.com\/gayrimenkul\/wp-json\/wp\/v2\/pages\/2321\/revisions\/2618"}],"wp:attachment":[{"href":"https:\/\/www.dewlemend.com\/gayrimenkul\/wp-json\/wp\/v2\/media?parent=2321"}],"curies":[{"name":"wp","href":"https:\/\/api.w.org\/{rel}","templated":true}]}}