{"id":3327,"date":"2022-11-04T11:22:54","date_gmt":"2022-11-04T08:22:54","guid":{"rendered":"https:\/\/www.dewlemend.com\/insaat\/?page_id=3327"},"modified":"2022-11-09T17:59:34","modified_gmt":"2022-11-09T14:59:34","slug":"contact","status":"publish","type":"page","link":"https:\/\/www.dewlemend.com\/insaat\/en\/contact\/","title":{"rendered":"Contact"},"content":{"rendered":"<p>[vc_row css=&#8221;.vc_custom_1563437577539{padding-top: 70px !important;padding-bottom: 20px !important;}&#8221;][vc_column width=&#8221;1\/4&#8243;]<div class=\"aio-icon-component  vc_custom_1667550197140  accent-icon-color style_1\"><div id=\"Info-box-wrap-7547\" class=\"aio-icon-box left-icon\" style=\"\"  ><div class=\"aio-icon-left\"><div class=\"ult-just-icon-wrapper  \"><div class=\"align-icon\" style=\"text-align:center;\">\n<div class=\"aio-icon none \"  style=\"font-size:20px;display:inline-block;\">\n\t<i class=\"fas fa-map-marker\"><\/i>\n<\/div><\/div><\/div><\/div><div class=\"aio-ibd-block\"><div class=\"aio-icon-header\" ><h3 class=\"aio-icon-title ult-responsive\"  data-ultimate-target='#Info-box-wrap-7547 .aio-icon-title'  data-responsive-json-new='{\"font-size\":\"desktop:16px;\",\"line-height\":\"desktop:26px;\"}'  style=\"font-weight:bold;\">Address<\/h3><\/div> <!-- header --><div class=\"aio-icon-description ult-responsive\"  data-ultimate-target='#Info-box-wrap-7547 .aio-icon-description'  data-responsive-json-new='{\"font-size\":\"\",\"line-height\":\"\"}'  style=\"\">Atat\u00fcrk Mah. Ertu\u011frul Gazi Sokak. Metropol \u0130stanbul Sitesi C1 Blok No: 2B \u0130\u00e7 Kap\u0131 No: 376 Ata\u015fehir \/ \u0130stanbul &#8211; 34758<\/div> <!-- description --><\/div> <!-- aio-ibd-block --><\/div> <!-- aio-icon-box --><\/div> <!-- aio-icon-component -->[\/vc_column][vc_column width=&#8221;1\/6&#8243;]<div class=\"aio-icon-component  vc_custom_1667550206969  accent-icon-color style_1\"><div id=\"Info-box-wrap-6340\" class=\"aio-icon-box left-icon\" style=\"\"  ><div class=\"aio-icon-left\"><div class=\"ult-just-icon-wrapper  \"><div class=\"align-icon\" style=\"text-align:center;\">\n<div class=\"aio-icon none \"  style=\"font-size:20px;display:inline-block;\">\n\t<i class=\"Defaults-headphones\"><\/i>\n<\/div><\/div><\/div><\/div><div class=\"aio-ibd-block\"><div class=\"aio-icon-header\" ><h3 class=\"aio-icon-title ult-responsive\"  data-ultimate-target='#Info-box-wrap-6340 .aio-icon-title'  data-responsive-json-new='{\"font-size\":\"desktop:16px;\",\"line-height\":\"desktop:26px;\"}'  style=\"font-weight:bold;\">Telephone<\/h3><\/div> <!-- header --><div class=\"aio-icon-description ult-responsive\"  data-ultimate-target='#Info-box-wrap-6340 .aio-icon-description'  data-responsive-json-new='{\"font-size\":\"\",\"line-height\":\"\"}'  style=\"\"><a href=\"tel:4445015\">444 50 15<\/a><\/div> <!-- description --><\/div> <!-- aio-ibd-block --><\/div> <!-- aio-icon-box --><\/div> <!-- aio-icon-component -->[\/vc_column][vc_column width=&#8221;1\/6&#8243;]<div class=\"aio-icon-component  vc_custom_1667550212880  accent-icon-color style_1\"><div id=\"Info-box-wrap-6728\" class=\"aio-icon-box left-icon\" style=\"\"  ><div class=\"aio-icon-left\"><div class=\"ult-just-icon-wrapper  \"><div class=\"align-icon\" style=\"text-align:center;\">\n<div class=\"aio-icon none \"  style=\"font-size:20px;display:inline-block;\">\n\t<i class=\"Defaults-phone\"><\/i>\n<\/div><\/div><\/div><\/div><div class=\"aio-ibd-block\"><div class=\"aio-icon-header\" ><h3 class=\"aio-icon-title ult-responsive\"  data-ultimate-target='#Info-box-wrap-6728 .aio-icon-title'  data-responsive-json-new='{\"font-size\":\"desktop:16px;\",\"line-height\":\"desktop:26px;\"}'  style=\"font-weight:bold;\">Telephone<\/h3><\/div> <!-- header --><div class=\"aio-icon-description ult-responsive\"  data-ultimate-target='#Info-box-wrap-6728 .aio-icon-description'  data-responsive-json-new='{\"font-size\":\"\",\"line-height\":\"\"}'  style=\"\"><a href=\"tel:05325007575\">0(532) 500 75 75<\/a><\/div> <!-- description --><\/div> <!-- aio-ibd-block --><\/div> <!-- aio-icon-box --><\/div> <!-- aio-icon-component -->[\/vc_column][vc_column width=&#8221;1\/6&#8243;]<div class=\"aio-icon-component  vc_custom_1667550218873  accent-icon-color style_1\"><div id=\"Info-box-wrap-5920\" class=\"aio-icon-box left-icon\" style=\"\"  ><div class=\"aio-icon-left\"><div class=\"ult-just-icon-wrapper  \"><div class=\"align-icon\" style=\"text-align:center;\">\n<div class=\"aio-icon none \"  style=\"font-size:20px;display:inline-block;\">\n\t<i class=\"Defaults-phone\"><\/i>\n<\/div><\/div><\/div><\/div><div class=\"aio-ibd-block\"><div class=\"aio-icon-header\" ><h3 class=\"aio-icon-title ult-responsive\"  data-ultimate-target='#Info-box-wrap-5920 .aio-icon-title'  data-responsive-json-new='{\"font-size\":\"desktop:16px;\",\"line-height\":\"desktop:26px;\"}'  style=\"font-weight:bold;\">Telephone<\/h3><\/div> <!-- header --><div class=\"aio-icon-description ult-responsive\"  data-ultimate-target='#Info-box-wrap-5920 .aio-icon-description'  data-responsive-json-new='{\"font-size\":\"\",\"line-height\":\"\"}'  style=\"\"><a href=\"tel:05525007575\">0(552) 500 75 75<\/a><\/div> <!-- description --><\/div> <!-- aio-ibd-block --><\/div> <!-- aio-icon-box --><\/div> <!-- aio-icon-component -->[\/vc_column][vc_column width=&#8221;1\/4&#8243;]<div class=\"aio-icon-component  vc_custom_1667550228903  accent-icon-color style_1\"><div id=\"Info-box-wrap-4107\" class=\"aio-icon-box left-icon\" style=\"\"  ><div class=\"aio-icon-left\"><div class=\"ult-just-icon-wrapper  \"><div class=\"align-icon\" style=\"text-align:center;\">\n<div class=\"aio-icon none \"  style=\"font-size:20px;display:inline-block;\">\n\t<i class=\"fas fa-envelope-open\"><\/i>\n<\/div><\/div><\/div><\/div><div class=\"aio-ibd-block\"><div class=\"aio-icon-header\" ><h3 class=\"aio-icon-title ult-responsive\"  data-ultimate-target='#Info-box-wrap-4107 .aio-icon-title'  data-responsive-json-new='{\"font-size\":\"desktop:16px;\",\"line-height\":\"desktop:26px;\"}'  style=\"font-weight:bold;\">Email<\/h3><\/div> <!-- header --><div class=\"aio-icon-description ult-responsive\"  data-ultimate-target='#Info-box-wrap-4107 .aio-icon-description'  data-responsive-json-new='{\"font-size\":\"\",\"line-height\":\"\"}'  style=\"\"><a href=\"mailto:info@dewlemend.com\">info@dewlemend.com<\/a><\/div> <!-- description --><\/div> <!-- aio-ibd-block --><\/div> <!-- aio-icon-box --><\/div> <!-- aio-icon-component -->[\/vc_column][\/vc_row][vc_row gap=&#8221;30&#8243; equal_height=&#8221;yes&#8221; type=&#8221;vc_default&#8221; css=&#8221;.vc_custom_1495106084943{padding-right: 25px !important;padding-bottom: 40px !important;padding-left: 25px !important;}&#8221;][vc_column css=&#8221;.vc_custom_1637306926031{margin-bottom: 30px !important;padding-top: 30px !important;padding-right: 30px !important;padding-bottom: 40px !important;padding-left: 30px !important;background-color: #012060 !important;}&#8221; offset=&#8221;vc_col-lg-offset-0 vc_col-lg-6 vc_col-md-offset-0 vc_col-md-6 vc_col-sm-offset-0&#8243;]<div id=\"ultimate-heading-947569d8cde61cc16\" class=\"uvc-heading ult-adjust-bottom-margin ultimate-heading-947569d8cde61cc16 uvc-2015 \" data-hspacer=\"no_spacer\"  data-halign=\"left\" style=\"text-align:left\"><div class=\"uvc-heading-spacer no_spacer\" style=\"top\"><\/div><div class=\"uvc-main-heading ult-responsive\"  data-ultimate-target='.uvc-heading.ultimate-heading-947569d8cde61cc16 h2'  data-responsive-json-new='{\"font-size\":\"desktop:26px;\",\"line-height\":\"desktop:36px;\"}' ><h2 style=\"font-weight:bold;color:#ffffff;margin-bottom:30px;\">Map<\/h2><\/div><\/div>[vc_column_text]<iframe loading=\"lazy\" style=\"border: 0;\" src=\"https:\/\/www.google.com\/maps\/embed?pb=!1m18!1m12!1m3!1d3011.4315683424265!2d29.117086615704643!3d40.99392632825627!2m3!1f0!2f0!3f0!3m2!1i1024!2i768!4f13.1!3m3!1m2!1s0x40751f46f7fc5f53%3A0x70e01b24638d05af!2sDewlemend%20Holding%20A.%C5%9E.!5e0!3m2!1str!2str!4v1668005781142!5m2!1str!2str\" width=\"600\" height=\"450\" allowfullscreen=\"allowfullscreen\"><\/iframe>[\/vc_column_text][\/vc_column][vc_column css=&#8221;.vc_custom_1637306834606{margin-bottom: 30px !important;padding-top: 30px !important;padding-right: 30px !important;padding-bottom: 40px !important;padding-left: 30px !important;background-color: #012060 !important;}&#8221; offset=&#8221;vc_col-lg-6 vc_col-md-6&#8243;]<div id=\"ultimate-heading-545969d8cde61cc70\" class=\"uvc-heading ult-adjust-bottom-margin ultimate-heading-545969d8cde61cc70 uvc-2295 \" data-hspacer=\"no_spacer\"  data-halign=\"left\" style=\"text-align:left\"><div class=\"uvc-heading-spacer no_spacer\" style=\"top\"><\/div><div class=\"uvc-main-heading ult-responsive\"  data-ultimate-target='.uvc-heading.ultimate-heading-545969d8cde61cc70 h2'  data-responsive-json-new='{\"font-size\":\"desktop:26px;\",\"line-height\":\"desktop:36px;\"}' ><h2 style=\"font-weight:bold;color:#ffffff;margin-bottom:30px;\">Contact Form<\/h2><\/div><\/div><div role=\"form\" class=\"wpcf7\" id=\"wpcf7-f1597-o1\" lang=\"tr-TR\" dir=\"ltr\">\n<div class=\"screen-reader-response\"><\/div>\n<form action=\"\/insaat\/en\/wp-json\/wp\/v2\/pages\/3327#wpcf7-f1597-o1\" method=\"post\" class=\"wpcf7-form\" novalidate=\"novalidate\">\n<div style=\"display: none;\">\n<input type=\"hidden\" name=\"_wpcf7\" value=\"1597\" \/>\n<input type=\"hidden\" name=\"_wpcf7_version\" value=\"5.1.3\" \/>\n<input type=\"hidden\" name=\"_wpcf7_locale\" value=\"tr_TR\" \/>\n<input type=\"hidden\" name=\"_wpcf7_unit_tag\" value=\"wpcf7-f1597-o1\" \/>\n<input type=\"hidden\" name=\"_wpcf7_container_post\" value=\"0\" \/>\n<\/div>\n<style>\n.form-sol, .form-sag, .form-alt{\ncolor:#ffffff;\n}\n.wpcf7-form input[type=\"submit\"]{\nbackground-color:#ffffff;\ncolor:#012060;\n}\n.wpcf7-form input[type=\"submit\"]:hover{\nbackground-color:#111111 !important;\ncolor:#ffffff;\n}\n<\/style>\n<div class=\"form-sol\">\n<label> Name Surname<br \/>\n    <span class=\"wpcf7-form-control-wrap your-name\"><input type=\"text\" name=\"your-name\" value=\"\" size=\"40\" class=\"wpcf7-form-control wpcf7-text wpcf7-validates-as-required\" aria-required=\"true\" aria-invalid=\"false\" \/><\/span> <\/label><\/p>\n<p><label> Telephone<br \/>\n    <span class=\"wpcf7-form-control-wrap your-telefon\"><input type=\"text\" name=\"your-telefon\" value=\"\" size=\"40\" class=\"wpcf7-form-control wpcf7-text wpcf7-validates-as-required\" aria-required=\"true\" aria-invalid=\"false\" \/><\/span> <\/label>\n<\/div>\n<div class=\"form-sag\">\n<label> E-mail<br \/>\n    <span class=\"wpcf7-form-control-wrap your-email\"><input type=\"email\" name=\"your-email\" value=\"\" size=\"40\" class=\"wpcf7-form-control wpcf7-text wpcf7-email wpcf7-validates-as-required wpcf7-validates-as-email\" aria-required=\"true\" aria-invalid=\"false\" \/><\/span> <\/label><\/p>\n<p><label> Subject<br \/>\n    <span class=\"wpcf7-form-control-wrap your-subject\"><input type=\"text\" name=\"your-subject\" value=\"\" size=\"40\" class=\"wpcf7-form-control wpcf7-text\" aria-invalid=\"false\" \/><\/span> <\/label>\n<\/div>\n<div class=\"form-alt\">\n<label> Message<br \/>\n    <span class=\"wpcf7-form-control-wrap your-message\"><textarea name=\"your-message\" cols=\"40\" rows=\"3\" class=\"wpcf7-form-control wpcf7-textarea form-control\" aria-invalid=\"false\"><\/textarea><\/span> <\/label>\n<\/div>\n<p><input type=\"submit\" value=\"Submit\" class=\"wpcf7-form-control wpcf7-submit\" \/><\/p>\n<div class=\"wpcf7-response-output wpcf7-display-none\"><\/div><\/form><\/div>[\/vc_column][\/vc_row]<\/p>\n","protected":false},"excerpt":{"rendered":"<p>[vc_row css=&#8221;.vc_custom_1563437577539{padding-top: 70px !important;padding-bottom: 20px !important;}&#8221;][vc_column width=&#8221;1\/4&#8243;][\/vc_column][vc_column width=&#8221;1\/6&#8243;][\/vc_column][vc_column width=&#8221;1\/6&#8243;][\/vc_column][vc_column width=&#8221;1\/6&#8243;][\/vc_column][vc_column width=&#8221;1\/4&#8243;][\/vc_column][\/vc_row][vc_row gap=&#8221;30&#8243; equal_height=&#8221;yes&#8221; type=&#8221;vc_default&#8221; css=&#8221;.vc_custom_1495106084943{padding-right: 25px !important;padding-bottom: 40px !important;padding-left: 25px !important;}&#8221;][vc_column css=&#8221;.vc_custom_1637306926031{margin-bottom: 30px !important;padding-top: 30px !important;padding-right: 30px !important;padding-bottom: 40px !important;padding-left: 30px !important;background-color: #012060 !important;}&#8221; offset=&#8221;vc_col-lg-offset-0 vc_col-lg-6 vc_col-md-offset-0 vc_col-md-6 vc_col-sm-offset-0&#8243;][vc_column_text][\/vc_column_text][\/vc_column][vc_column css=&#8221;.vc_custom_1637306834606{margin-bottom: 30px !important;padding-top: 30px !important;padding-right: 30px !important;padding-bottom: 40px !important;padding-left: 30px !important;background-color: #012060 !important;}&#8221; offset=&#8221;vc_col-lg-6 vc_col-md-6&#8243;][\/vc_column][\/vc_row]<\/p>\n","protected":false},"author":1,"featured_media":0,"parent":0,"menu_order":4,"comment_status":"closed","ping_status":"closed","template":"","meta":[],"yoast_head":"<!-- This site is optimized with the Yoast SEO plugin v19.9 - https:\/\/yoast.com\/wordpress\/plugins\/seo\/ -->\n<title>Contact | Dewlemend \u0130n\u015faat<\/title>\n<meta name=\"robots\" content=\"index, follow, max-snippet:-1, max-image-preview:large, max-video-preview:-1\" \/>\n<link rel=\"canonical\" href=\"https:\/\/www.dewlemend.com\/insaat\/en\/contact\/\" \/>\n<meta property=\"og:locale\" content=\"en_US\" \/>\n<meta property=\"og:type\" content=\"article\" \/>\n<meta property=\"og:title\" content=\"Contact | Dewlemend \u0130n\u015faat\" \/>\n<meta property=\"og:description\" content=\"[vc_row css=&#8221;.vc_custom_1563437577539{padding-top: 70px !important;padding-bottom: 20px !important;}&#8221;][vc_column width=&#8221;1\/4&#8243;][\/vc_column][vc_column width=&#8221;1\/6&#8243;][\/vc_column][vc_column width=&#8221;1\/6&#8243;][\/vc_column][vc_column width=&#8221;1\/6&#8243;][\/vc_column][vc_column width=&#8221;1\/4&#8243;][\/vc_column][\/vc_row][vc_row gap=&#8221;30&#8243; equal_height=&#8221;yes&#8221; type=&#8221;vc_default&#8221; css=&#8221;.vc_custom_1495106084943{padding-right: 25px !important;padding-bottom: 40px !important;padding-left: 25px !important;}&#8221;][vc_column css=&#8221;.vc_custom_1637306926031{margin-bottom: 30px !important;padding-top: 30px !important;padding-right: 30px !important;padding-bottom: 40px !important;padding-left: 30px !important;background-color: #012060 !important;}&#8221; offset=&#8221;vc_col-lg-offset-0 vc_col-lg-6 vc_col-md-offset-0 vc_col-md-6 vc_col-sm-offset-0&#8243;][vc_column_text][\/vc_column_text][\/vc_column][vc_column css=&#8221;.vc_custom_1637306834606{margin-bottom: 30px !important;padding-top: 30px !important;padding-right: 30px !important;padding-bottom: 40px !important;padding-left: 30px !important;background-color: #012060 !important;}&#8221; offset=&#8221;vc_col-lg-6 vc_col-md-6&#8243;][\/vc_column][\/vc_row]\" \/>\n<meta property=\"og:url\" content=\"https:\/\/www.dewlemend.com\/insaat\/en\/contact\/\" \/>\n<meta property=\"og:site_name\" content=\"Dewlemend \u0130n\u015faat\" \/>\n<meta property=\"article:modified_time\" content=\"2022-11-09T14:59:34+00:00\" \/>\n<meta name=\"twitter:card\" content=\"summary_large_image\" \/>\n<meta name=\"twitter:label1\" content=\"Est. reading time\" \/>\n\t<meta name=\"twitter:data1\" content=\"2 minutes\" \/>\n<script type=\"application\/ld+json\" class=\"yoast-schema-graph\">{\"@context\":\"https:\/\/schema.org\",\"@graph\":[{\"@type\":\"WebPage\",\"@id\":\"https:\/\/www.dewlemend.com\/insaat\/en\/contact\/\",\"url\":\"https:\/\/www.dewlemend.com\/insaat\/en\/contact\/\",\"name\":\"Contact | Dewlemend \u0130n\u015faat\",\"isPartOf\":{\"@id\":\"https:\/\/www.dewlemend.com\/insaat\/en\/#website\"},\"datePublished\":\"2022-11-04T08:22:54+00:00\",\"dateModified\":\"2022-11-09T14:59:34+00:00\",\"breadcrumb\":{\"@id\":\"https:\/\/www.dewlemend.com\/insaat\/en\/contact\/#breadcrumb\"},\"inLanguage\":\"en-US\",\"potentialAction\":[{\"@type\":\"ReadAction\",\"target\":[\"https:\/\/www.dewlemend.com\/insaat\/en\/contact\/\"]}]},{\"@type\":\"BreadcrumbList\",\"@id\":\"https:\/\/www.dewlemend.com\/insaat\/en\/contact\/#breadcrumb\",\"itemListElement\":[{\"@type\":\"ListItem\",\"position\":1,\"name\":\"Anasayfa\",\"item\":\"https:\/\/www.dewlemend.com\/insaat\/en\/\"},{\"@type\":\"ListItem\",\"position\":2,\"name\":\"Contact\"}]},{\"@type\":\"WebSite\",\"@id\":\"https:\/\/www.dewlemend.com\/insaat\/en\/#website\",\"url\":\"https:\/\/www.dewlemend.com\/insaat\/en\/\",\"name\":\"Dewlemend \u0130n\u015faat\",\"description\":\"\",\"publisher\":{\"@id\":\"https:\/\/www.dewlemend.com\/insaat\/en\/#organization\"},\"potentialAction\":[{\"@type\":\"SearchAction\",\"target\":{\"@type\":\"EntryPoint\",\"urlTemplate\":\"https:\/\/www.dewlemend.com\/insaat\/en\/?s={search_term_string}\"},\"query-input\":\"required name=search_term_string\"}],\"inLanguage\":\"en-US\"},{\"@type\":\"Organization\",\"@id\":\"https:\/\/www.dewlemend.com\/insaat\/en\/#organization\",\"name\":\"Dewlemend \u0130n\u015faat\",\"url\":\"https:\/\/www.dewlemend.com\/insaat\/en\/\",\"logo\":{\"@type\":\"ImageObject\",\"inLanguage\":\"en-US\",\"@id\":\"https:\/\/www.dewlemend.com\/insaat\/en\/#\/schema\/logo\/image\/\",\"url\":\"https:\/\/www.dewlemend.com\/insaat\/wp-content\/uploads\/2022\/09\/dewlemend-grup-sirket-gorsel-2.jpg\",\"contentUrl\":\"https:\/\/www.dewlemend.com\/insaat\/wp-content\/uploads\/2022\/09\/dewlemend-grup-sirket-gorsel-2.jpg\",\"width\":425,\"height\":322,\"caption\":\"Dewlemend \u0130n\u015faat\"},\"image\":{\"@id\":\"https:\/\/www.dewlemend.com\/insaat\/en\/#\/schema\/logo\/image\/\"},\"sameAs\":[\"https:\/\/www.instagram.com\/holdingdewlemend\/\"]}]}<\/script>\n<!-- \/ Yoast SEO plugin. -->","yoast_head_json":{"title":"Contact | Dewlemend \u0130n\u015faat","robots":{"index":"index","follow":"follow","max-snippet":"max-snippet:-1","max-image-preview":"max-image-preview:large","max-video-preview":"max-video-preview:-1"},"canonical":"https:\/\/www.dewlemend.com\/insaat\/en\/contact\/","og_locale":"en_US","og_type":"article","og_title":"Contact | Dewlemend \u0130n\u015faat","og_description":"[vc_row css=&#8221;.vc_custom_1563437577539{padding-top: 70px !important;padding-bottom: 20px !important;}&#8221;][vc_column width=&#8221;1\/4&#8243;][\/vc_column][vc_column width=&#8221;1\/6&#8243;][\/vc_column][vc_column width=&#8221;1\/6&#8243;][\/vc_column][vc_column width=&#8221;1\/6&#8243;][\/vc_column][vc_column width=&#8221;1\/4&#8243;][\/vc_column][\/vc_row][vc_row gap=&#8221;30&#8243; equal_height=&#8221;yes&#8221; type=&#8221;vc_default&#8221; css=&#8221;.vc_custom_1495106084943{padding-right: 25px !important;padding-bottom: 40px !important;padding-left: 25px !important;}&#8221;][vc_column css=&#8221;.vc_custom_1637306926031{margin-bottom: 30px !important;padding-top: 30px !important;padding-right: 30px !important;padding-bottom: 40px !important;padding-left: 30px !important;background-color: #012060 !important;}&#8221; offset=&#8221;vc_col-lg-offset-0 vc_col-lg-6 vc_col-md-offset-0 vc_col-md-6 vc_col-sm-offset-0&#8243;][vc_column_text][\/vc_column_text][\/vc_column][vc_column css=&#8221;.vc_custom_1637306834606{margin-bottom: 30px !important;padding-top: 30px !important;padding-right: 30px !important;padding-bottom: 40px !important;padding-left: 30px !important;background-color: #012060 !important;}&#8221; offset=&#8221;vc_col-lg-6 vc_col-md-6&#8243;][\/vc_column][\/vc_row]","og_url":"https:\/\/www.dewlemend.com\/insaat\/en\/contact\/","og_site_name":"Dewlemend \u0130n\u015faat","article_modified_time":"2022-11-09T14:59:34+00:00","twitter_card":"summary_large_image","twitter_misc":{"Est. reading time":"2 minutes"},"schema":{"@context":"https:\/\/schema.org","@graph":[{"@type":"WebPage","@id":"https:\/\/www.dewlemend.com\/insaat\/en\/contact\/","url":"https:\/\/www.dewlemend.com\/insaat\/en\/contact\/","name":"Contact | Dewlemend \u0130n\u015faat","isPartOf":{"@id":"https:\/\/www.dewlemend.com\/insaat\/en\/#website"},"datePublished":"2022-11-04T08:22:54+00:00","dateModified":"2022-11-09T14:59:34+00:00","breadcrumb":{"@id":"https:\/\/www.dewlemend.com\/insaat\/en\/contact\/#breadcrumb"},"inLanguage":"en-US","potentialAction":[{"@type":"ReadAction","target":["https:\/\/www.dewlemend.com\/insaat\/en\/contact\/"]}]},{"@type":"BreadcrumbList","@id":"https:\/\/www.dewlemend.com\/insaat\/en\/contact\/#breadcrumb","itemListElement":[{"@type":"ListItem","position":1,"name":"Anasayfa","item":"https:\/\/www.dewlemend.com\/insaat\/en\/"},{"@type":"ListItem","position":2,"name":"Contact"}]},{"@type":"WebSite","@id":"https:\/\/www.dewlemend.com\/insaat\/en\/#website","url":"https:\/\/www.dewlemend.com\/insaat\/en\/","name":"Dewlemend \u0130n\u015faat","description":"","publisher":{"@id":"https:\/\/www.dewlemend.com\/insaat\/en\/#organization"},"potentialAction":[{"@type":"SearchAction","target":{"@type":"EntryPoint","urlTemplate":"https:\/\/www.dewlemend.com\/insaat\/en\/?s={search_term_string}"},"query-input":"required name=search_term_string"}],"inLanguage":"en-US"},{"@type":"Organization","@id":"https:\/\/www.dewlemend.com\/insaat\/en\/#organization","name":"Dewlemend \u0130n\u015faat","url":"https:\/\/www.dewlemend.com\/insaat\/en\/","logo":{"@type":"ImageObject","inLanguage":"en-US","@id":"https:\/\/www.dewlemend.com\/insaat\/en\/#\/schema\/logo\/image\/","url":"https:\/\/www.dewlemend.com\/insaat\/wp-content\/uploads\/2022\/09\/dewlemend-grup-sirket-gorsel-2.jpg","contentUrl":"https:\/\/www.dewlemend.com\/insaat\/wp-content\/uploads\/2022\/09\/dewlemend-grup-sirket-gorsel-2.jpg","width":425,"height":322,"caption":"Dewlemend \u0130n\u015faat"},"image":{"@id":"https:\/\/www.dewlemend.com\/insaat\/en\/#\/schema\/logo\/image\/"},"sameAs":["https:\/\/www.instagram.com\/holdingdewlemend\/"]}]}},"_links":{"self":[{"href":"https:\/\/www.dewlemend.com\/insaat\/en\/wp-json\/wp\/v2\/pages\/3327"}],"collection":[{"href":"https:\/\/www.dewlemend.com\/insaat\/en\/wp-json\/wp\/v2\/pages"}],"about":[{"href":"https:\/\/www.dewlemend.com\/insaat\/en\/wp-json\/wp\/v2\/types\/page"}],"author":[{"embeddable":true,"href":"https:\/\/www.dewlemend.com\/insaat\/en\/wp-json\/wp\/v2\/users\/1"}],"replies":[{"embeddable":true,"href":"https:\/\/www.dewlemend.com\/insaat\/en\/wp-json\/wp\/v2\/comments?post=3327"}],"version-history":[{"count":4,"href":"https:\/\/www.dewlemend.com\/insaat\/en\/wp-json\/wp\/v2\/pages\/3327\/revisions"}],"predecessor-version":[{"id":3508,"href":"https:\/\/www.dewlemend.com\/insaat\/en\/wp-json\/wp\/v2\/pages\/3327\/revisions\/3508"}],"wp:attachment":[{"href":"https:\/\/www.dewlemend.com\/insaat\/en\/wp-json\/wp\/v2\/media?parent=3327"}],"curies":[{"name":"wp","href":"https:\/\/api.w.org\/{rel}","templated":true}]}}