{"id":1170,"date":"2019-07-22T15:23:52","date_gmt":"2019-07-22T12:23:52","guid":{"rendered":"http:\/\/www.dewlemend.com\/insaat\/?page_id=1170"},"modified":"2019-07-23T10:02:56","modified_gmt":"2019-07-23T07:02:56","slug":"degerlerimiz","status":"publish","type":"page","link":"https:\/\/www.dewlemend.com\/insaat\/degerlerimiz\/","title":{"rendered":"De\u011ferlerimiz"},"content":{"rendered":"<p>[vc_row][vc_column]<style type=\"text\/css\" data-type=\"the7_shortcodes-inline-css\">.testimonials-carousel-shortcode.testimonials-carousel-shortcode-id-a60b4d8c9ce10156763f23c84e6e434d .owl-nav a {\n  width: 36px;\n  height: 36px;\n  border-radius: 500px;\n}\n.dt-arrow-border-on.testimonials-carousel-shortcode.testimonials-carousel-shortcode-id-a60b4d8c9ce10156763f23c84e6e434d .owl-nav a:not(:hover):before {\n  border-width: 0px;\n}\n.dt-arrow-hover-border-on.testimonials-carousel-shortcode.testimonials-carousel-shortcode-id-a60b4d8c9ce10156763f23c84e6e434d .owl-nav a:hover:after {\n  border-width: 0px;\n}\n.testimonials-carousel-shortcode.testimonials-carousel-shortcode-id-a60b4d8c9ce10156763f23c84e6e434d .owl-nav a.owl-prev {\n  top: 50%;\n  transform: translateY(calc(-50% + 0px));\n  left: -43px;\n}\n@media all and (-ms-high-contrast: none) {\n  .testimonials-carousel-shortcode.testimonials-carousel-shortcode-id-a60b4d8c9ce10156763f23c84e6e434d .owl-nav a.owl-prev {\n    transform: translateY(-50%);\n    margin-top: 0px;\n  }\n}\n.testimonials-carousel-shortcode.testimonials-carousel-shortcode-id-a60b4d8c9ce10156763f23c84e6e434d .owl-nav a.owl-prev i {\n  padding: 0px 0px 0px 0px;\n}\n.testimonials-carousel-shortcode.testimonials-carousel-shortcode-id-a60b4d8c9ce10156763f23c84e6e434d .owl-nav a.owl-next {\n  top: 50%;\n  transform: translateY(calc(-50% + 0px));\n  right: -43px;\n}\n@media all and (-ms-high-contrast: none) {\n  .testimonials-carousel-shortcode.testimonials-carousel-shortcode-id-a60b4d8c9ce10156763f23c84e6e434d .owl-nav a.owl-next {\n    transform: translateY(-50%);\n    margin-top: 0px;\n  }\n}\n.testimonials-carousel-shortcode.testimonials-carousel-shortcode-id-a60b4d8c9ce10156763f23c84e6e434d .owl-nav a.owl-next i {\n  padding: 0px 0px 0px 0px;\n}\n.testimonials-carousel-shortcode.testimonials-carousel-shortcode-id-a60b4d8c9ce10156763f23c84e6e434d .owl-nav i {\n  font-size: 18px;\n}\n.testimonials-carousel-shortcode.testimonials-carousel-shortcode-id-a60b4d8c9ce10156763f23c84e6e434d .owl-nav a:not(:hover) i,\n.testimonials-carousel-shortcode.testimonials-carousel-shortcode-id-a60b4d8c9ce10156763f23c84e6e434d .owl-nav a:not(:hover) i:before {\n  color: #ffffff;\n  background: none;\n}\n.testimonials-carousel-shortcode.testimonials-carousel-shortcode-id-a60b4d8c9ce10156763f23c84e6e434d .owl-nav a:hover i,\n.testimonials-carousel-shortcode.testimonials-carousel-shortcode-id-a60b4d8c9ce10156763f23c84e6e434d .owl-nav a:hover i:before {\n  color: rgba(255,255,255,0.75);\n  background: none;\n}\n.testimonials-carousel-shortcode.testimonials-carousel-shortcode-id-a60b4d8c9ce10156763f23c84e6e434d .owl-dots {\n  top: calc(100% + 20px);\n  left: 50%;\n  transform: translateX(calc(-50% + 0px));\n}\n@media all and (-ms-high-contrast: none) {\n  .testimonials-carousel-shortcode.testimonials-carousel-shortcode-id-a60b4d8c9ce10156763f23c84e6e434d .owl-dots {\n    transform: translateX(-50%);\n    margin-left: 0px;\n  }\n}\n.testimonials-carousel-shortcode.testimonials-carousel-shortcode-id-a60b4d8c9ce10156763f23c84e6e434d .owl-dot {\n  width: 10px;\n  height: 10px;\n  margin: 0 8px;\n}\n@media screen and (max-width: 778px) {\n  .testimonials-carousel-shortcode.testimonials-carousel-shortcode-id-a60b4d8c9ce10156763f23c84e6e434d.hide-arrows .owl-nav a {\n    display: none;\n  }\n}\n@media screen and (max-width: 778px) {\n  .testimonials-carousel-shortcode.testimonials-carousel-shortcode-id-a60b4d8c9ce10156763f23c84e6e434d.reposition-arrows .owl-nav .owl-prev {\n    top: 50%;\n    transform: translateY(calc(-50% + 0px));\n    left: -18px;\n  }\n  .testimonials-carousel-shortcode.testimonials-carousel-shortcode-id-a60b4d8c9ce10156763f23c84e6e434d.reposition-arrows .owl-nav .owl-next {\n    top: 50%;\n    transform: translateY(calc(-50% + 0px));\n    right: -18px;\n  }\n}\n@media screen and (max-width: 778px) and all and (-ms-high-contrast: none) {\n  .testimonials-carousel-shortcode.testimonials-carousel-shortcode-id-a60b4d8c9ce10156763f23c84e6e434d.reposition-arrows .owl-nav .owl-prev {\n    transform: translateY(-50%);\n    margin-top: 0px;\n  }\n}\n@media screen and (max-width: 778px) and all and (-ms-high-contrast: none) {\n  .testimonials-carousel-shortcode.testimonials-carousel-shortcode-id-a60b4d8c9ce10156763f23c84e6e434d.reposition-arrows .owl-nav .owl-next {\n    transform: translateY(-50%);\n    margin-top: 0px;\n  }\n}\n.testimonials-carousel-shortcode.testimonials-carousel-shortcode-id-a60b4d8c9ce10156763f23c84e6e434d.content-bg-on .testimonial-item {\n  background: #041a35;\n}\n.testimonials-carousel-shortcode.testimonials-carousel-shortcode-id-a60b4d8c9ce10156763f23c84e6e434d .testimonial-item {\n  padding: 30px 30px 20px 30px;\n}\n.testimonials-carousel-shortcode.testimonials-carousel-shortcode-id-a60b4d8c9ce10156763f23c84e6e434d .testimonial-name,\n.testimonials-carousel-shortcode.testimonials-carousel-shortcode-id-a60b4d8c9ce10156763f23c84e6e434d .testimonial-name a,\n.testimonials-carousel-shortcode.testimonials-carousel-shortcode-id-a60b4d8c9ce10156763f23c84e6e434d .testimonial-name span {\n  color: #ffffff;\n  background: none;\n  margin-bottom: 0px;\n  font-weight: bold;\n}\n.testimonials-carousel-shortcode.testimonials-carousel-shortcode-id-a60b4d8c9ce10156763f23c84e6e434d .testimonial-position,\n.testimonials-carousel-shortcode.testimonials-carousel-shortcode-id-a60b4d8c9ce10156763f23c84e6e434d .testimonial-position span {\n  margin-bottom: 20px;\n  font-weight: bold;\n}\n.content .testimonials-carousel-shortcode.testimonials-carousel-shortcode-id-a60b4d8c9ce10156763f23c84e6e434d .testimonial-position,\n.content .testimonials-carousel-shortcode.testimonials-carousel-shortcode-id-a60b4d8c9ce10156763f23c84e6e434d .testimonial-position span {\n  color: #ffffff;\n  background: none;\n}\n.testimonials-carousel-shortcode.testimonials-carousel-shortcode-id-a60b4d8c9ce10156763f23c84e6e434d  .testimonial-avatar {\n  padding: 0px 20px 20px 0px;\n}\n.testimonials-carousel-shortcode.testimonials-carousel-shortcode-id-a60b4d8c9ce10156763f23c84e6e434d  .testimonial-avatar a,\n.testimonials-carousel-shortcode.testimonials-carousel-shortcode-id-a60b4d8c9ce10156763f23c84e6e434d  .testimonial-avatar span,\n.testimonials-carousel-shortcode.testimonials-carousel-shortcode-id-a60b4d8c9ce10156763f23c84e6e434d  .testimonial-avatar img {\n  max-width: 200px;\n}\n.testimonials-carousel-shortcode.testimonials-carousel-shortcode-id-a60b4d8c9ce10156763f23c84e6e434d .dt-css-grid .testimonial-avatar img,\n.testimonials-carousel-shortcode.testimonials-carousel-shortcode-id-a60b4d8c9ce10156763f23c84e6e434d .dt-css-grid .testimonial-avatar svg {\n  max-width: 100%;\n}\n.testimonials-carousel-shortcode.testimonials-carousel-shortcode-id-a60b4d8c9ce10156763f23c84e6e434d.layout-5:not(.hide-testimonial-avatar) .content-wrap,\n.testimonials-carousel-shortcode.testimonials-carousel-shortcode-id-a60b4d8c9ce10156763f23c84e6e434d.layout-6:not(.hide-testimonial-avatar) .content-wrap {\n  width: calc(100% - 200px - 20px - 0px);\n}\n.testimonials-carousel-shortcode.testimonials-carousel-shortcode-id-a60b4d8c9ce10156763f23c84e6e434d .testimonial-content {\n  margin-bottom: 0px;\n  color: #ffffff;\n  background: none;\n}\n.testimonials-carousel-shortcode.testimonials-carousel-shortcode-id-a60b4d8c9ce10156763f23c84e6e434d  .testimonial-avatar,\n.testimonials-carousel-shortcode.testimonials-carousel-shortcode-id-a60b4d8c9ce10156763f23c84e6e434d  .testimonial-avatar a.rollover,\n.testimonials-carousel-shortcode.testimonials-carousel-shortcode-id-a60b4d8c9ce10156763f23c84e6e434d  .testimonial-avatar a.rollover *,\n.testimonials-carousel-shortcode.testimonials-carousel-shortcode-id-a60b4d8c9ce10156763f23c84e6e434d  .testimonial-avatar img,\n.testimonials-carousel-shortcode.testimonials-carousel-shortcode-id-a60b4d8c9ce10156763f23c84e6e434d  .testimonial-avatar .no-avatar,\n.testimonials-carousel-shortcode.testimonials-carousel-shortcode-id-a60b4d8c9ce10156763f23c84e6e434d  .testim-no-avatar {\n  border-radius: 0px;\n}\n.testimonials-carousel-shortcode.testimonials-carousel-shortcode-id-a60b4d8c9ce10156763f23c84e6e434d  .testimonial-avatar .no-avatar {\n  height: 200px;\n  border-color: rgba(255,255,255,0.15);\n}\n.testimonials-carousel-shortcode.testimonials-carousel-shortcode-id-a60b4d8c9ce10156763f23c84e6e434d  .testimonial-avatar .no-avatar:after {\n  color: rgba(255,255,255,0.15);\n}\n.testimonials-carousel-shortcode.testimonials-carousel-shortcode-id-a60b4d8c9ce10156763f23c84e6e434d  .testim-no-avatar {\n  border-color: rgba(255,255,255,0.15);\n}\n.testimonials-carousel-shortcode.testimonials-carousel-shortcode-id-a60b4d8c9ce10156763f23c84e6e434d  .testim-no-avatar svg {\n  fill: rgba(255,255,255,0.15);\n}\n.testimonials-carousel-shortcode.testimonials-carousel-shortcode-id-a60b4d8c9ce10156763f23c84e6e434d  .testimonial-avatar .no-avatar {\n  font-size: 200px;\n  width: 200px;\n}\n<\/style><div class=\"owl-carousel testimonials-carousel-shortcode dt-testimonials-shortcode dt-owl-carousel-call testimonials-carousel-shortcode-id-a60b4d8c9ce10156763f23c84e6e434d content-align-center layout-1 content-bg-on bullets-small-dot-stroke reposition-arrows arrows-bg-on dt-arrow-border-on dt-arrow-hover-border-on disable-arrows-hover-bg arrows-hover-bg-on  \" data-scroll-mode=\"1\" data-col-num=\"1\" data-wide-col-num=\"1\" data-laptop-col=\"1\" data-h-tablet-columns-num=\"1\" data-v-tablet-columns-num=\"1\" data-phone-columns-num=\"1\" data-auto-height=\"false\" data-col-gap=\"30\" data-stage-padding=\"0\" data-speed=\"600\" data-autoplay=\"true\" data-autoplay_speed=\"4000\" data-arrows=\"true\" data-bullet=\"false\" data-next-icon=\"icon-ar-017-r\" data-prev-icon=\"icon-ar-017-l\"><div class=\"testimonial-item\"><div class=\"testimonial-avatar\"><span class=\"testimonial-thumb layzr-bg\"><img class=\"preload-me owl-lazy-load\" src=\"data:image\/svg+xml,%3Csvg%20xmlns%3D&#39;http%3A%2F%2Fwww.w3.org%2F2000%2Fsvg&#39;%20viewBox%3D&#39;0%200%20200%20200&#39;%2F%3E\" data-src=\"https:\/\/www.dewlemend.com\/insaat\/wp-content\/uploads\/2019\/07\/turkiyenin-dewlemendil-1-8-200x200.jpg\" data-srcset=\"https:\/\/www.dewlemend.com\/insaat\/wp-content\/uploads\/2019\/07\/turkiyenin-dewlemendil-1-8-200x200.jpg 200w, https:\/\/www.dewlemend.com\/insaat\/wp-content\/uploads\/2019\/07\/turkiyenin-dewlemendil-1-8-400x400.jpg 400w\" width=\"200\" height=\"200\"   alt=\"\" \/><\/span><\/div><div class=\"content-wrap\"><div class=\"testimonial-vcard\"><div class=\"testimonial-name\"><span class=\"text-primary\">T\u00fcrkiye&#8217;nin Dewlemend&#8217;i<\/span><br \/><\/div><div class=\"testimonial-position\"><\/div><\/div><div class=\"testimonial-content\"><p>&nbsp; G\u00fcn\u00fcm\u00fczde en de\u011ferli \u015fey zaman. bizde &#8220;Vakit nakittir&#8221; demiyoruz. \u00c7\u00fcnk\u00fc nakit geri kazan\u0131labilinir ama vakit geri gelmez, kazan\u0131lmaz. Genlerimizde ihtiyatl\u0131 olmak, \u00f6n g\u00f6r\u00fclebilir olmak tutarl\u0131 olmak var. Bunlar\u0131 yaparken de bizim i\u00e7in 5 ana ba\u015far\u0131 temel ta\u015f\u0131m\u0131z var. Vizyon sahibi \u00fcst y\u00f6netim, \u0130novasyon ve teknoloji, kaliteli i\u015f g\u00fcc\u00fc, g\u00fc\u00e7l\u00fc marka de\u011feri, uzun vadeye odaklanan&hellip;<\/p>\n<\/div><\/div><\/div><div class=\"testimonial-item\"><div class=\"testimonial-avatar\"><span class=\"testimonial-thumb layzr-bg\"><img class=\"preload-me owl-lazy-load\" src=\"data:image\/svg+xml,%3Csvg%20xmlns%3D&#39;http%3A%2F%2Fwww.w3.org%2F2000%2Fsvg&#39;%20viewBox%3D&#39;0%200%20200%20200&#39;%2F%3E\" data-src=\"https:\/\/www.dewlemend.com\/insaat\/wp-content\/uploads\/2019\/07\/benimsenmis-kurum-kulturu-1-9-200x200.jpg\" data-srcset=\"https:\/\/www.dewlemend.com\/insaat\/wp-content\/uploads\/2019\/07\/benimsenmis-kurum-kulturu-1-9-200x200.jpg 200w, https:\/\/www.dewlemend.com\/insaat\/wp-content\/uploads\/2019\/07\/benimsenmis-kurum-kulturu-1-9-400x400.jpg 400w\" width=\"200\" height=\"200\"   alt=\"\" \/><\/span><\/div><div class=\"content-wrap\"><div class=\"testimonial-vcard\"><div class=\"testimonial-name\"><span class=\"text-primary\">Benimsenmi\u015f Kurum K\u00fclt\u00fcr\u00fc<\/span><br \/><\/div><div class=\"testimonial-position\"><\/div><\/div><div class=\"testimonial-content\"><p>&nbsp; Dewlemend ailesi olarak biz, ba\u015far\u0131l\u0131 kurumlar\u0131n, g\u00fc\u00e7l\u00fc k\u00fclt\u00fcre sahip olan kurumlar oldu\u011funa inan\u0131r\u0131z. Dewlemend ruhu, Dewlemend kurucular\u0131 ve Dewlemend \u00e7al\u0131\u015fanlar\u0131n\u0131n birlikte olu\u015fturduklar\u0131 kurum k\u00fclt\u00fcr\u00fc ile g\u00fc\u00e7lenir. Payla\u015f\u0131lan ortak inan\u00e7lar, de\u011ferler ve al\u0131\u015f\u0131lagelmi\u015f davran\u0131\u015f kal\u0131plar\u0131m\u0131z, \u00e7al\u0131\u015fanlar\u0131m\u0131z taraf\u0131ndan benimsenir ve daima ileriye ta\u015f\u0131n\u0131r. Kurum k\u00fclt\u00fcr\u00fcm\u00fcz \u00e7al\u0131\u015fanlar\u0131m\u0131z aras\u0131nda birlik ve beraberlik sa\u011flar, birbirleriyle olan ili\u015fki, ileti\u015fim ve&hellip;<\/p>\n<\/div><\/div><\/div><div class=\"testimonial-item\"><div class=\"testimonial-avatar\"><span class=\"testimonial-thumb layzr-bg\"><img class=\"preload-me owl-lazy-load\" src=\"data:image\/svg+xml,%3Csvg%20xmlns%3D&#39;http%3A%2F%2Fwww.w3.org%2F2000%2Fsvg&#39;%20viewBox%3D&#39;0%200%20200%20200&#39;%2F%3E\" data-src=\"https:\/\/www.dewlemend.com\/insaat\/wp-content\/uploads\/2019\/07\/calisana-saygi-gorsel-1-6-200x200.jpg\" data-srcset=\"https:\/\/www.dewlemend.com\/insaat\/wp-content\/uploads\/2019\/07\/calisana-saygi-gorsel-1-6-200x200.jpg 200w, https:\/\/www.dewlemend.com\/insaat\/wp-content\/uploads\/2019\/07\/calisana-saygi-gorsel-1-6-400x400.jpg 400w\" width=\"200\" height=\"200\"   alt=\"\" \/><\/span><\/div><div class=\"content-wrap\"><div class=\"testimonial-vcard\"><div class=\"testimonial-name\"><span class=\"text-primary\">\u00c7al\u0131\u015fana Sayg\u0131<\/span><br \/><\/div><div class=\"testimonial-position\"><\/div><\/div><div class=\"testimonial-content\"><p>&nbsp; M\u00fc\u015fterilerimizi mutlu etmenin yolunun \u00e7al\u0131\u015fanlar\u0131m\u0131z\u0131n yetkinliklerinden ge\u00e7ti\u011fini biliriz. Gelecek hedeflerimizi ger\u00e7ekle\u015ftirmede insan kayna\u011f\u0131m\u0131z\u0131n esas oldu\u011funa inan\u0131r, \u00e7al\u0131\u015fanlar\u0131m\u0131z\u0131n geli\u015fimlerine yat\u0131r\u0131m yapar, gelece\u011fin liderleri ile s\u00fcrd\u00fcr\u00fclebilir b\u00fcy\u00fcmeyi g\u00fcvence alt\u0131na al\u0131r\u0131z. \u00c7al\u0131\u015fanlar\u0131m\u0131z\u0131 bizimle devam ettikleri kariyer yolculu\u011funda daima destekler ve yetkinliklerinin geli\u015fmesine \u00f6nem veririz. \u00c7ok uluslu bir tak\u0131m\u0131n par\u00e7as\u0131 olarak farkl\u0131 co\u011frafyalarda, farkl\u0131 k\u00fclt\u00fcr, din ve dilden&hellip;<\/p>\n<\/div><\/div><\/div><div class=\"testimonial-item\"><div class=\"testimonial-avatar\"><span class=\"testimonial-thumb layzr-bg\"><img class=\"preload-me owl-lazy-load\" src=\"data:image\/svg+xml,%3Csvg%20xmlns%3D&#39;http%3A%2F%2Fwww.w3.org%2F2000%2Fsvg&#39;%20viewBox%3D&#39;0%200%20200%20200&#39;%2F%3E\" data-src=\"https:\/\/www.dewlemend.com\/insaat\/wp-content\/uploads\/2019\/07\/degisim-yenilikcilik-gorsel-1-7-200x200.jpg\" data-srcset=\"https:\/\/www.dewlemend.com\/insaat\/wp-content\/uploads\/2019\/07\/degisim-yenilikcilik-gorsel-1-7-200x200.jpg 200w, https:\/\/www.dewlemend.com\/insaat\/wp-content\/uploads\/2019\/07\/degisim-yenilikcilik-gorsel-1-7-400x400.jpg 400w\" width=\"200\" height=\"200\"   alt=\"\" \/><\/span><\/div><div class=\"content-wrap\"><div class=\"testimonial-vcard\"><div class=\"testimonial-name\"><span class=\"text-primary\">De\u011fi\u015fim &#8211; Yenilik\u00e7ilik<\/span><br \/><\/div><div class=\"testimonial-position\"><\/div><\/div><div class=\"testimonial-content\"><p>&nbsp; &nbsp; De\u011fi\u015fmeyen tek \u015feyin de\u011fi\u015fim oldu\u011funu biliriz. De\u011fi\u015fimin sadece yeniliklere a\u00e7\u0131k olmak anlam\u0131na gelmedi\u011fini, geli\u015fimin ve daima bir ad\u0131m \u00f6nde olman\u0131n de\u011fi\u015fimle sa\u011flanabilece\u011fine inan\u0131r\u0131z. Yenilik\u00e7i yakla\u015f\u0131m\u0131m\u0131z\u0131 s\u00fcrd\u00fcr\u00fclebilir b\u00fcy\u00fcme ad\u0131na t\u00fcm s\u00fcre\u00e7lerimizde etkin bir \u015fekilde uygular\u0131z.<\/p>\n<\/div><\/div><\/div><\/div>[\/vc_column][\/vc_row]<\/p>\n","protected":false},"excerpt":{"rendered":"<p>[vc_row][vc_column][\/vc_column][\/vc_row]<\/p>\n","protected":false},"author":1,"featured_media":0,"parent":0,"menu_order":0,"comment_status":"closed","ping_status":"closed","template":"","meta":[],"yoast_head":"<!-- This site is optimized with the Yoast SEO plugin v19.9 - https:\/\/yoast.com\/wordpress\/plugins\/seo\/ -->\n<title>De\u011ferlerimiz | Dewlemend \u0130n\u015faat<\/title>\n<meta name=\"robots\" content=\"index, follow, max-snippet:-1, max-image-preview:large, max-video-preview:-1\" \/>\n<link rel=\"canonical\" href=\"https:\/\/www.dewlemend.com\/insaat\/degerlerimiz\/\" \/>\n<meta property=\"og:locale\" content=\"tr_TR\" \/>\n<meta property=\"og:type\" content=\"article\" \/>\n<meta property=\"og:title\" content=\"De\u011ferlerimiz | Dewlemend \u0130n\u015faat\" \/>\n<meta property=\"og:description\" content=\"[vc_row][vc_column][\/vc_column][\/vc_row]\" \/>\n<meta property=\"og:url\" content=\"https:\/\/www.dewlemend.com\/insaat\/degerlerimiz\/\" \/>\n<meta property=\"og:site_name\" content=\"Dewlemend \u0130n\u015faat\" \/>\n<meta property=\"article:modified_time\" content=\"2019-07-23T07:02:56+00:00\" \/>\n<meta name=\"twitter:card\" content=\"summary_large_image\" \/>\n<meta name=\"twitter:label1\" content=\"Tahmini okuma s\u00fcresi\" \/>\n\t<meta name=\"twitter:data1\" content=\"1 dakika\" \/>\n<script type=\"application\/ld+json\" class=\"yoast-schema-graph\">{\"@context\":\"https:\/\/schema.org\",\"@graph\":[{\"@type\":\"WebPage\",\"@id\":\"https:\/\/www.dewlemend.com\/insaat\/degerlerimiz\/\",\"url\":\"https:\/\/www.dewlemend.com\/insaat\/degerlerimiz\/\",\"name\":\"De\u011ferlerimiz | Dewlemend \u0130n\u015faat\",\"isPartOf\":{\"@id\":\"https:\/\/www.dewlemend.com\/insaat\/en\/#website\"},\"datePublished\":\"2019-07-22T12:23:52+00:00\",\"dateModified\":\"2019-07-23T07:02:56+00:00\",\"breadcrumb\":{\"@id\":\"https:\/\/www.dewlemend.com\/insaat\/degerlerimiz\/#breadcrumb\"},\"inLanguage\":\"tr\",\"potentialAction\":[{\"@type\":\"ReadAction\",\"target\":[\"https:\/\/www.dewlemend.com\/insaat\/degerlerimiz\/\"]}]},{\"@type\":\"BreadcrumbList\",\"@id\":\"https:\/\/www.dewlemend.com\/insaat\/degerlerimiz\/#breadcrumb\",\"itemListElement\":[{\"@type\":\"ListItem\",\"position\":1,\"name\":\"Anasayfa\",\"item\":\"https:\/\/www.dewlemend.com\/insaat\/\"},{\"@type\":\"ListItem\",\"position\":2,\"name\":\"De\u011ferlerimiz\"}]},{\"@type\":\"WebSite\",\"@id\":\"https:\/\/www.dewlemend.com\/insaat\/en\/#website\",\"url\":\"https:\/\/www.dewlemend.com\/insaat\/en\/\",\"name\":\"Dewlemend \u0130n\u015faat\",\"description\":\"\",\"publisher\":{\"@id\":\"https:\/\/www.dewlemend.com\/insaat\/en\/#organization\"},\"potentialAction\":[{\"@type\":\"SearchAction\",\"target\":{\"@type\":\"EntryPoint\",\"urlTemplate\":\"https:\/\/www.dewlemend.com\/insaat\/en\/?s={search_term_string}\"},\"query-input\":\"required name=search_term_string\"}],\"inLanguage\":\"tr\"},{\"@type\":\"Organization\",\"@id\":\"https:\/\/www.dewlemend.com\/insaat\/en\/#organization\",\"name\":\"Dewlemend \u0130n\u015faat\",\"url\":\"https:\/\/www.dewlemend.com\/insaat\/en\/\",\"logo\":{\"@type\":\"ImageObject\",\"inLanguage\":\"tr\",\"@id\":\"https:\/\/www.dewlemend.com\/insaat\/en\/#\/schema\/logo\/image\/\",\"url\":\"https:\/\/www.dewlemend.com\/insaat\/wp-content\/uploads\/2022\/09\/dewlemend-grup-sirket-gorsel-2.jpg\",\"contentUrl\":\"https:\/\/www.dewlemend.com\/insaat\/wp-content\/uploads\/2022\/09\/dewlemend-grup-sirket-gorsel-2.jpg\",\"width\":425,\"height\":322,\"caption\":\"Dewlemend \u0130n\u015faat\"},\"image\":{\"@id\":\"https:\/\/www.dewlemend.com\/insaat\/en\/#\/schema\/logo\/image\/\"},\"sameAs\":[\"https:\/\/www.instagram.com\/holdingdewlemend\/\"]}]}<\/script>\n<!-- \/ Yoast SEO plugin. -->","yoast_head_json":{"title":"De\u011ferlerimiz | Dewlemend \u0130n\u015faat","robots":{"index":"index","follow":"follow","max-snippet":"max-snippet:-1","max-image-preview":"max-image-preview:large","max-video-preview":"max-video-preview:-1"},"canonical":"https:\/\/www.dewlemend.com\/insaat\/degerlerimiz\/","og_locale":"tr_TR","og_type":"article","og_title":"De\u011ferlerimiz | Dewlemend \u0130n\u015faat","og_description":"[vc_row][vc_column][\/vc_column][\/vc_row]","og_url":"https:\/\/www.dewlemend.com\/insaat\/degerlerimiz\/","og_site_name":"Dewlemend \u0130n\u015faat","article_modified_time":"2019-07-23T07:02:56+00:00","twitter_card":"summary_large_image","twitter_misc":{"Tahmini okuma s\u00fcresi":"1 dakika"},"schema":{"@context":"https:\/\/schema.org","@graph":[{"@type":"WebPage","@id":"https:\/\/www.dewlemend.com\/insaat\/degerlerimiz\/","url":"https:\/\/www.dewlemend.com\/insaat\/degerlerimiz\/","name":"De\u011ferlerimiz | Dewlemend \u0130n\u015faat","isPartOf":{"@id":"https:\/\/www.dewlemend.com\/insaat\/en\/#website"},"datePublished":"2019-07-22T12:23:52+00:00","dateModified":"2019-07-23T07:02:56+00:00","breadcrumb":{"@id":"https:\/\/www.dewlemend.com\/insaat\/degerlerimiz\/#breadcrumb"},"inLanguage":"tr","potentialAction":[{"@type":"ReadAction","target":["https:\/\/www.dewlemend.com\/insaat\/degerlerimiz\/"]}]},{"@type":"BreadcrumbList","@id":"https:\/\/www.dewlemend.com\/insaat\/degerlerimiz\/#breadcrumb","itemListElement":[{"@type":"ListItem","position":1,"name":"Anasayfa","item":"https:\/\/www.dewlemend.com\/insaat\/"},{"@type":"ListItem","position":2,"name":"De\u011ferlerimiz"}]},{"@type":"WebSite","@id":"https:\/\/www.dewlemend.com\/insaat\/en\/#website","url":"https:\/\/www.dewlemend.com\/insaat\/en\/","name":"Dewlemend \u0130n\u015faat","description":"","publisher":{"@id":"https:\/\/www.dewlemend.com\/insaat\/en\/#organization"},"potentialAction":[{"@type":"SearchAction","target":{"@type":"EntryPoint","urlTemplate":"https:\/\/www.dewlemend.com\/insaat\/en\/?s={search_term_string}"},"query-input":"required name=search_term_string"}],"inLanguage":"tr"},{"@type":"Organization","@id":"https:\/\/www.dewlemend.com\/insaat\/en\/#organization","name":"Dewlemend \u0130n\u015faat","url":"https:\/\/www.dewlemend.com\/insaat\/en\/","logo":{"@type":"ImageObject","inLanguage":"tr","@id":"https:\/\/www.dewlemend.com\/insaat\/en\/#\/schema\/logo\/image\/","url":"https:\/\/www.dewlemend.com\/insaat\/wp-content\/uploads\/2022\/09\/dewlemend-grup-sirket-gorsel-2.jpg","contentUrl":"https:\/\/www.dewlemend.com\/insaat\/wp-content\/uploads\/2022\/09\/dewlemend-grup-sirket-gorsel-2.jpg","width":425,"height":322,"caption":"Dewlemend \u0130n\u015faat"},"image":{"@id":"https:\/\/www.dewlemend.com\/insaat\/en\/#\/schema\/logo\/image\/"},"sameAs":["https:\/\/www.instagram.com\/holdingdewlemend\/"]}]}},"_links":{"self":[{"href":"https:\/\/www.dewlemend.com\/insaat\/wp-json\/wp\/v2\/pages\/1170"}],"collection":[{"href":"https:\/\/www.dewlemend.com\/insaat\/wp-json\/wp\/v2\/pages"}],"about":[{"href":"https:\/\/www.dewlemend.com\/insaat\/wp-json\/wp\/v2\/types\/page"}],"author":[{"embeddable":true,"href":"https:\/\/www.dewlemend.com\/insaat\/wp-json\/wp\/v2\/users\/1"}],"replies":[{"embeddable":true,"href":"https:\/\/www.dewlemend.com\/insaat\/wp-json\/wp\/v2\/comments?post=1170"}],"version-history":[{"count":0,"href":"https:\/\/www.dewlemend.com\/insaat\/wp-json\/wp\/v2\/pages\/1170\/revisions"}],"wp:attachment":[{"href":"https:\/\/www.dewlemend.com\/insaat\/wp-json\/wp\/v2\/media?parent=1170"}],"curies":[{"name":"wp","href":"https:\/\/api.w.org\/{rel}","templated":true}]}}