{"id":2690,"date":"2022-09-14T10:18:58","date_gmt":"2022-09-14T07:18:58","guid":{"rendered":"https:\/\/www.dewlemend.com\/insaat\/?page_id=2690"},"modified":"2022-09-14T10:18:58","modified_gmt":"2022-09-14T07:18:58","slug":"kalite-musteri-politikamiz","status":"publish","type":"page","link":"https:\/\/www.dewlemend.com\/insaat\/kalite-musteri-politikamiz\/","title":{"rendered":"Kalite &#8211; M\u00fc\u015fteri Politikam\u0131z"},"content":{"rendered":"<p>[vc_row][vc_column width=&#8221;1\/4&#8243; offset=&#8221;vc_hidden-xs&#8221;][vc_wp_custommenu nav_menu=&#8221;18&#8243; el_class=&#8221;sayfamenu&#8221;][\/vc_column][vc_column width=&#8221;3\/4&#8243;][vc_single_image image=&#8221;2692&#8243; img_size=&#8221;full&#8221; alignment=&#8221;center&#8221; style=&#8221;vc_box_shadow&#8221;][vc_column_text]M\u00fc\u015fteri memnuniyetini \u00f6ncelikli ve en \u00fcst seviyede tutmak<br \/>\nM\u00fc\u015fterilerimizin ihtiya\u00e7lar\u0131na cevap verecek hizmetleri m\u00fc\u015fteri beklentilerine uygun seviyede sunmak, m\u00fc\u015fteri geri bildirimlerini \u00f6nyarg\u0131s\u0131z \u015fekilde alarak m\u00fc\u015fteri memnuniyetini s\u00fcrekli artt\u0131rmak.<\/p>\n<p>Mutlu \u00e7al\u0131\u015fanlarla ba\u015far\u0131lar\u0131m\u0131z\u0131 artt\u0131rmak<br \/>\nUygun geli\u015fim, tan\u0131nma, takdir ve \u00f6d\u00fcllendirme olanaklar\u0131n\u0131n sunuldu\u011fu, etkinli\u011fi ve ba\u011fl\u0131l\u0131\u011f\u0131 y\u00fcksek mutlu \u00e7al\u0131\u015fanlar ile ba\u015far\u0131lar elde etmek.<\/p>\n<p>S\u00fcre\u00e7lerle y\u00f6netim ve s\u00fcrekli iyile\u015ftirmeyi \u00e7al\u0131\u015fma felsefesi olarak benimsemek<br \/>\n\u0130lk seferde hizmeti do\u011fru sa\u011flamak ve hizmetlerimizi s\u00fcrekli iyile\u015ftirmek.<\/p>\n<p>Tedarik\u00e7ilerimizin hizmet kalitesini s\u00fcrekli artt\u0131rmak<br \/>\nTedarik\u00e7ilerimizle uzun soluklu i\u015f birli\u011fi kurarak hizmet kalitemizi en \u00fcst seviyeye ta\u015f\u0131mak.<\/p>\n<p>Yasalara ve mevzuata uygun olarak kalite standardizasyonu sa\u011flamak<br \/>\nYasalara ve mevzuata ba\u011fl\u0131 kalarak kalite y\u00f6netim sistemimizi s\u00fcrekli geli\u015ftirmek.[\/vc_column_text][\/vc_column][\/vc_row]<\/p>\n","protected":false},"excerpt":{"rendered":"<p>[vc_row][vc_column width=&#8221;1\/4&#8243; offset=&#8221;vc_hidden-xs&#8221;][vc_wp_custommenu nav_menu=&#8221;18&#8243; el_class=&#8221;sayfamenu&#8221;][\/vc_column][vc_column width=&#8221;3\/4&#8243;][vc_single_image image=&#8221;2692&#8243; img_size=&#8221;full&#8221; alignment=&#8221;center&#8221; style=&#8221;vc_box_shadow&#8221;][vc_column_text]M\u00fc\u015fteri memnuniyetini \u00f6ncelikli ve en \u00fcst seviyede tutmak M\u00fc\u015fterilerimizin ihtiya\u00e7lar\u0131na cevap verecek hizmetleri m\u00fc\u015fteri beklentilerine uygun seviyede sunmak, m\u00fc\u015fteri geri bildirimlerini \u00f6nyarg\u0131s\u0131z \u015fekilde alarak m\u00fc\u015fteri memnuniyetini s\u00fcrekli artt\u0131rmak. Mutlu \u00e7al\u0131\u015fanlarla ba\u015far\u0131lar\u0131m\u0131z\u0131 artt\u0131rmak Uygun geli\u015fim, tan\u0131nma, takdir ve \u00f6d\u00fcllendirme olanaklar\u0131n\u0131n sunuldu\u011fu, etkinli\u011fi ve ba\u011fl\u0131l\u0131\u011f\u0131 y\u00fcksek mutlu \u00e7al\u0131\u015fanlar&hellip;<\/p>\n","protected":false},"author":1,"featured_media":0,"parent":0,"menu_order":0,"comment_status":"closed","ping_status":"closed","template":"","meta":[],"yoast_head":"<!-- This site is optimized with the Yoast SEO plugin v19.9 - https:\/\/yoast.com\/wordpress\/plugins\/seo\/ -->\n<title>Kalite - M\u00fc\u015fteri Politikam\u0131z | Dewlemend \u0130n\u015faat<\/title>\n<meta name=\"robots\" content=\"index, follow, max-snippet:-1, max-image-preview:large, max-video-preview:-1\" \/>\n<link rel=\"canonical\" href=\"https:\/\/www.dewlemend.com\/insaat\/kalite-musteri-politikamiz\/\" \/>\n<meta property=\"og:locale\" content=\"tr_TR\" \/>\n<meta property=\"og:type\" content=\"article\" \/>\n<meta property=\"og:title\" content=\"Kalite - M\u00fc\u015fteri Politikam\u0131z | Dewlemend \u0130n\u015faat\" \/>\n<meta property=\"og:description\" content=\"[vc_row][vc_column width=&#8221;1\/4&#8243; offset=&#8221;vc_hidden-xs&#8221;][vc_wp_custommenu nav_menu=&#8221;18&#8243; el_class=&#8221;sayfamenu&#8221;][\/vc_column][vc_column width=&#8221;3\/4&#8243;][vc_single_image image=&#8221;2692&#8243; img_size=&#8221;full&#8221; alignment=&#8221;center&#8221; style=&#8221;vc_box_shadow&#8221;][vc_column_text]M\u00fc\u015fteri memnuniyetini \u00f6ncelikli ve en \u00fcst seviyede tutmak M\u00fc\u015fterilerimizin ihtiya\u00e7lar\u0131na cevap verecek hizmetleri m\u00fc\u015fteri beklentilerine uygun seviyede sunmak, m\u00fc\u015fteri geri bildirimlerini \u00f6nyarg\u0131s\u0131z \u015fekilde alarak m\u00fc\u015fteri memnuniyetini s\u00fcrekli artt\u0131rmak. Mutlu \u00e7al\u0131\u015fanlarla ba\u015far\u0131lar\u0131m\u0131z\u0131 artt\u0131rmak Uygun geli\u015fim, tan\u0131nma, takdir ve \u00f6d\u00fcllendirme olanaklar\u0131n\u0131n sunuldu\u011fu, etkinli\u011fi ve ba\u011fl\u0131l\u0131\u011f\u0131 y\u00fcksek mutlu \u00e7al\u0131\u015fanlar&hellip;\" \/>\n<meta property=\"og:url\" content=\"https:\/\/www.dewlemend.com\/insaat\/kalite-musteri-politikamiz\/\" \/>\n<meta property=\"og:site_name\" content=\"Dewlemend \u0130n\u015faat\" \/>\n<meta name=\"twitter:card\" content=\"summary_large_image\" \/>\n<meta name=\"twitter:label1\" content=\"Tahmini okuma s\u00fcresi\" \/>\n\t<meta name=\"twitter:data1\" content=\"1 dakika\" \/>\n<script type=\"application\/ld+json\" class=\"yoast-schema-graph\">{\"@context\":\"https:\/\/schema.org\",\"@graph\":[{\"@type\":\"WebPage\",\"@id\":\"https:\/\/www.dewlemend.com\/insaat\/kalite-musteri-politikamiz\/\",\"url\":\"https:\/\/www.dewlemend.com\/insaat\/kalite-musteri-politikamiz\/\",\"name\":\"Kalite - M\u00fc\u015fteri Politikam\u0131z | Dewlemend \u0130n\u015faat\",\"isPartOf\":{\"@id\":\"https:\/\/www.dewlemend.com\/insaat\/en\/#website\"},\"datePublished\":\"2022-09-14T07:18:58+00:00\",\"dateModified\":\"2022-09-14T07:18:58+00:00\",\"breadcrumb\":{\"@id\":\"https:\/\/www.dewlemend.com\/insaat\/kalite-musteri-politikamiz\/#breadcrumb\"},\"inLanguage\":\"tr\",\"potentialAction\":[{\"@type\":\"ReadAction\",\"target\":[\"https:\/\/www.dewlemend.com\/insaat\/kalite-musteri-politikamiz\/\"]}]},{\"@type\":\"BreadcrumbList\",\"@id\":\"https:\/\/www.dewlemend.com\/insaat\/kalite-musteri-politikamiz\/#breadcrumb\",\"itemListElement\":[{\"@type\":\"ListItem\",\"position\":1,\"name\":\"Anasayfa\",\"item\":\"https:\/\/www.dewlemend.com\/insaat\/\"},{\"@type\":\"ListItem\",\"position\":2,\"name\":\"Kalite &#8211; M\u00fc\u015fteri Politikam\u0131z\"}]},{\"@type\":\"WebSite\",\"@id\":\"https:\/\/www.dewlemend.com\/insaat\/en\/#website\",\"url\":\"https:\/\/www.dewlemend.com\/insaat\/en\/\",\"name\":\"Dewlemend \u0130n\u015faat\",\"description\":\"\",\"publisher\":{\"@id\":\"https:\/\/www.dewlemend.com\/insaat\/en\/#organization\"},\"potentialAction\":[{\"@type\":\"SearchAction\",\"target\":{\"@type\":\"EntryPoint\",\"urlTemplate\":\"https:\/\/www.dewlemend.com\/insaat\/en\/?s={search_term_string}\"},\"query-input\":\"required name=search_term_string\"}],\"inLanguage\":\"tr\"},{\"@type\":\"Organization\",\"@id\":\"https:\/\/www.dewlemend.com\/insaat\/en\/#organization\",\"name\":\"Dewlemend \u0130n\u015faat\",\"url\":\"https:\/\/www.dewlemend.com\/insaat\/en\/\",\"logo\":{\"@type\":\"ImageObject\",\"inLanguage\":\"tr\",\"@id\":\"https:\/\/www.dewlemend.com\/insaat\/en\/#\/schema\/logo\/image\/\",\"url\":\"https:\/\/www.dewlemend.com\/insaat\/wp-content\/uploads\/2022\/09\/dewlemend-grup-sirket-gorsel-2.jpg\",\"contentUrl\":\"https:\/\/www.dewlemend.com\/insaat\/wp-content\/uploads\/2022\/09\/dewlemend-grup-sirket-gorsel-2.jpg\",\"width\":425,\"height\":322,\"caption\":\"Dewlemend \u0130n\u015faat\"},\"image\":{\"@id\":\"https:\/\/www.dewlemend.com\/insaat\/en\/#\/schema\/logo\/image\/\"},\"sameAs\":[\"https:\/\/www.instagram.com\/holdingdewlemend\/\"]}]}<\/script>\n<!-- \/ Yoast SEO plugin. -->","yoast_head_json":{"title":"Kalite - M\u00fc\u015fteri Politikam\u0131z | Dewlemend \u0130n\u015faat","robots":{"index":"index","follow":"follow","max-snippet":"max-snippet:-1","max-image-preview":"max-image-preview:large","max-video-preview":"max-video-preview:-1"},"canonical":"https:\/\/www.dewlemend.com\/insaat\/kalite-musteri-politikamiz\/","og_locale":"tr_TR","og_type":"article","og_title":"Kalite - M\u00fc\u015fteri Politikam\u0131z | Dewlemend \u0130n\u015faat","og_description":"[vc_row][vc_column width=&#8221;1\/4&#8243; offset=&#8221;vc_hidden-xs&#8221;][vc_wp_custommenu nav_menu=&#8221;18&#8243; el_class=&#8221;sayfamenu&#8221;][\/vc_column][vc_column width=&#8221;3\/4&#8243;][vc_single_image image=&#8221;2692&#8243; img_size=&#8221;full&#8221; alignment=&#8221;center&#8221; style=&#8221;vc_box_shadow&#8221;][vc_column_text]M\u00fc\u015fteri memnuniyetini \u00f6ncelikli ve en \u00fcst seviyede tutmak M\u00fc\u015fterilerimizin ihtiya\u00e7lar\u0131na cevap verecek hizmetleri m\u00fc\u015fteri beklentilerine uygun seviyede sunmak, m\u00fc\u015fteri geri bildirimlerini \u00f6nyarg\u0131s\u0131z \u015fekilde alarak m\u00fc\u015fteri memnuniyetini s\u00fcrekli artt\u0131rmak. Mutlu \u00e7al\u0131\u015fanlarla ba\u015far\u0131lar\u0131m\u0131z\u0131 artt\u0131rmak Uygun geli\u015fim, tan\u0131nma, takdir ve \u00f6d\u00fcllendirme olanaklar\u0131n\u0131n sunuldu\u011fu, etkinli\u011fi ve ba\u011fl\u0131l\u0131\u011f\u0131 y\u00fcksek mutlu \u00e7al\u0131\u015fanlar&hellip;","og_url":"https:\/\/www.dewlemend.com\/insaat\/kalite-musteri-politikamiz\/","og_site_name":"Dewlemend \u0130n\u015faat","twitter_card":"summary_large_image","twitter_misc":{"Tahmini okuma s\u00fcresi":"1 dakika"},"schema":{"@context":"https:\/\/schema.org","@graph":[{"@type":"WebPage","@id":"https:\/\/www.dewlemend.com\/insaat\/kalite-musteri-politikamiz\/","url":"https:\/\/www.dewlemend.com\/insaat\/kalite-musteri-politikamiz\/","name":"Kalite - M\u00fc\u015fteri Politikam\u0131z | Dewlemend \u0130n\u015faat","isPartOf":{"@id":"https:\/\/www.dewlemend.com\/insaat\/en\/#website"},"datePublished":"2022-09-14T07:18:58+00:00","dateModified":"2022-09-14T07:18:58+00:00","breadcrumb":{"@id":"https:\/\/www.dewlemend.com\/insaat\/kalite-musteri-politikamiz\/#breadcrumb"},"inLanguage":"tr","potentialAction":[{"@type":"ReadAction","target":["https:\/\/www.dewlemend.com\/insaat\/kalite-musteri-politikamiz\/"]}]},{"@type":"BreadcrumbList","@id":"https:\/\/www.dewlemend.com\/insaat\/kalite-musteri-politikamiz\/#breadcrumb","itemListElement":[{"@type":"ListItem","position":1,"name":"Anasayfa","item":"https:\/\/www.dewlemend.com\/insaat\/"},{"@type":"ListItem","position":2,"name":"Kalite &#8211; M\u00fc\u015fteri Politikam\u0131z"}]},{"@type":"WebSite","@id":"https:\/\/www.dewlemend.com\/insaat\/en\/#website","url":"https:\/\/www.dewlemend.com\/insaat\/en\/","name":"Dewlemend \u0130n\u015faat","description":"","publisher":{"@id":"https:\/\/www.dewlemend.com\/insaat\/en\/#organization"},"potentialAction":[{"@type":"SearchAction","target":{"@type":"EntryPoint","urlTemplate":"https:\/\/www.dewlemend.com\/insaat\/en\/?s={search_term_string}"},"query-input":"required name=search_term_string"}],"inLanguage":"tr"},{"@type":"Organization","@id":"https:\/\/www.dewlemend.com\/insaat\/en\/#organization","name":"Dewlemend \u0130n\u015faat","url":"https:\/\/www.dewlemend.com\/insaat\/en\/","logo":{"@type":"ImageObject","inLanguage":"tr","@id":"https:\/\/www.dewlemend.com\/insaat\/en\/#\/schema\/logo\/image\/","url":"https:\/\/www.dewlemend.com\/insaat\/wp-content\/uploads\/2022\/09\/dewlemend-grup-sirket-gorsel-2.jpg","contentUrl":"https:\/\/www.dewlemend.com\/insaat\/wp-content\/uploads\/2022\/09\/dewlemend-grup-sirket-gorsel-2.jpg","width":425,"height":322,"caption":"Dewlemend \u0130n\u015faat"},"image":{"@id":"https:\/\/www.dewlemend.com\/insaat\/en\/#\/schema\/logo\/image\/"},"sameAs":["https:\/\/www.instagram.com\/holdingdewlemend\/"]}]}},"_links":{"self":[{"href":"https:\/\/www.dewlemend.com\/insaat\/wp-json\/wp\/v2\/pages\/2690"}],"collection":[{"href":"https:\/\/www.dewlemend.com\/insaat\/wp-json\/wp\/v2\/pages"}],"about":[{"href":"https:\/\/www.dewlemend.com\/insaat\/wp-json\/wp\/v2\/types\/page"}],"author":[{"embeddable":true,"href":"https:\/\/www.dewlemend.com\/insaat\/wp-json\/wp\/v2\/users\/1"}],"replies":[{"embeddable":true,"href":"https:\/\/www.dewlemend.com\/insaat\/wp-json\/wp\/v2\/comments?post=2690"}],"version-history":[{"count":0,"href":"https:\/\/www.dewlemend.com\/insaat\/wp-json\/wp\/v2\/pages\/2690\/revisions"}],"wp:attachment":[{"href":"https:\/\/www.dewlemend.com\/insaat\/wp-json\/wp\/v2\/media?parent=2690"}],"curies":[{"name":"wp","href":"https:\/\/api.w.org\/{rel}","templated":true}]}}