{"id":986,"date":"2019-07-17T18:07:03","date_gmt":"2019-07-17T15:07:03","guid":{"rendered":"http:\/\/www.dewlemend.com\/insaat\/?page_id=986"},"modified":"2022-10-07T10:19:51","modified_gmt":"2022-10-07T07:19:51","slug":"hakkimizda","status":"publish","type":"page","link":"https:\/\/www.dewlemend.com\/insaat\/hakkimizda\/","title":{"rendered":"Hakk\u0131m\u0131zda"},"content":{"rendered":"<p>[vc_row][vc_column width=&#8221;1\/4&#8243; offset=&#8221;vc_hidden-xs&#8221;][vc_wp_custommenu nav_menu=&#8221;18&#8243; el_class=&#8221;sayfamenu&#8221;][\/vc_column][vc_column width=&#8221;3\/4&#8243;][vc_single_image image=&#8221;2744&#8243; img_size=&#8221;full&#8221; alignment=&#8221;center&#8221; style=&#8221;vc_box_shadow&#8221;][vc_column_text]DEWLEMEND HOLD\u0130NG, T\u00fcrkiye\u2019nin en k\u00f6kl\u00fc ve itibarl\u0131 b\u00fcy\u00fck i\u015fletmelerinden biridir. Gayrimenkul, \u0130n\u015faat, Enerji ve Otomotiv sekt\u00f6rlerinde hizmet verir.<\/p>\n<p>Esas faaliyet alan\u0131 in\u015faat olan DEWLEMEND HOLD\u0130NG, \u00f6ncelikle T\u00fcrkiye\u2019 de daha sonras\u0131nda da Rusya, Azerbaycan, Irak, Cezayir\u2019 de yurtd\u0131\u015f\u0131 projesi alan T\u00fcrk m\u00fcteahhit firmas\u0131 olarak bir\u00e7ok ilke imza att\u0131.<\/p>\n<p>DEWLEMEND HOLD\u0130NG, 1995 y\u0131l\u0131nda DEWLEMEND HOLD\u0130NG Emlak\u2019 la\u00a0faaliyetlerine ba\u015flad\u0131.<\/p>\n<p>\u0130lk y\u0131llarda Emlak al\u0131m, sat\u0131m, kiralama vb. arac\u0131l\u0131k i\u015fleri. DEWLEMEND HOLD\u0130NG in\u015faat daha sonraki y\u0131llarda, binalardan, boru hatlar\u0131ndan ar\u0131tma tesislerine, otoyollardan k\u00f6pr\u00fc, bina komplekslerinden end\u00fcstriyel tesislere kadar \u00e7ok say\u0131da projeye imza att\u0131.<\/p>\n<p>DEWLEMEND HOLD\u0130NG; 2007\u2019de Gayrimenkul sekt\u00f6r\u00fcne girdi. DEWLEMEND HOLD\u0130NG; Enerji sekt\u00f6r\u00fcne 2015 y\u0131l\u0131nda Res ve Ges projeleri ile giri\u015f yapm\u0131\u015ft\u0131r. Bug\u00fcn b\u00fcnyemizde 7 Adet Ges 2 Adet Res projesi bulunmaktad\u0131r.<\/p>\n<p>DEWLEMEND HOLD\u0130NG;\u00a02020 Y\u0131l\u0131nda Uzun D\u00f6nem Filo Ara\u00e7 Kiralama \u0130le Faaliyetlerine Ba\u015flam\u0131\u015ft\u0131r. Dewlemend Otomotiv 2022 Y\u0131l\u0131nda 2. EL Otomobil Al\u0131m Ve Sat\u0131m Faaliyetlerine Ba\u015flam\u0131\u015ft\u0131r.<\/p>\n<p>Temelleri 1995 y\u0131l\u0131nda DEWLEMEND HOLD\u0130NG Emlak ile at\u0131lan DEWLEMEND HOLD\u0130NG, in\u015faat, altyap\u0131, \u00fcstyap\u0131 ve enerji yat\u0131r\u0131mlar\u0131, enerji taahh\u00fct, alanlar\u0131nda faaliyetlerini s\u00fcrd\u00fcrmektedir.<\/p>\n<p>1995 y\u0131l\u0131nda kurulan DEWLEMEND HOLD\u0130NG \u0130n\u015faat, havalimanlar\u0131, limanlar, otoyollar, barajlar, hidroelektrik santraller, ar\u0131tma tesisleri, fabrikalar, end\u00fcstriyel tesisler, g\u0131da tesisleri, boru hatlar\u0131, karma kullan\u0131ml\u0131 kompleks yap\u0131lar, otel in\u015faatlar\u0131 dahil t\u00fcm altyap\u0131 ve \u00fcstyap\u0131 projelerinde uzmanla\u015farak yetenek ve y\u0131llar\u0131n kazand\u0131rd\u0131\u011f\u0131 deneyimini, kalite, h\u0131z, y\u00fcksek teknoloji, yarat\u0131c\u0131l\u0131k ve kurumsal sorumluluk anlay\u0131\u015f\u0131yla birle\u015ftirerek, stratejik \u00f6neme haiz pek \u00e7ok b\u00fcy\u00fck projeyi \u00f6ng\u00f6r\u00fclen tarihten \u00f6nce ba\u015far\u0131yla tamamlam\u0131\u015ft\u0131r.<\/p>\n<p>Bug\u00fcnde Uluslararas\u0131 alanda kalitesini ispatlam\u0131\u015f, \u00f6nc\u00fc ve yenilik\u00e7i bir in\u015faat \u015firketine d\u00f6n\u00fc\u015ft\u00fck.<\/p>\n<p>Ge\u00e7mi\u015ften ald\u0131\u011f\u0131m\u0131z g\u00fcc\u00fc gelece\u011fe ta\u015f\u0131makt\u0131r g\u00f6revimiz.<\/p>\n<p>7 ki\u015fiyle yola \u00e7\u0131kt\u0131k, bug\u00fcn ise 10 bine yak\u0131n b\u00fcy\u00fck bir aile olduk. Bug\u00fcne kadar toplam 50 bin konutun neredeyse k\u00fc\u00e7\u00fck bir \u015fehir kadar yap\u0131lar\u0131 in\u015fa ettik.<\/p>\n<p>Sekt\u00f6rde uzmanla\u015fm\u0131\u015f ba\u011fl\u0131 kurulu\u015flar\u0131 ve grup \u015firketleri sayesinde DEWLEMEND HOLD\u0130NG, s\u0131f\u0131r kaza ve hata oran\u0131yla t\u00fcm projeleri hayata ge\u00e7irmeye kararl\u0131d\u0131r ve t\u0131pk\u0131 ge\u00e7mi\u015fte oldu\u011fu gibi gelecekte de yeni i\u015f alanlar\u0131nda yat\u0131r\u0131m yaparak payda\u015flar\u0131 i\u00e7in daha fazla de\u011fer yaratacak kapsaml\u0131 teknik bilgiyi istikrarla kullanmaya devam edecektir.<\/p>\n<p>Gayrimenkul yat\u0131r\u0131mlar\u0131 alan\u0131nda, faaliyet alanlar\u0131nda yeni proje imkanlar\u0131n\u0131 takip etmeye ve mevcut projelerde operasyonel ve finansal verimlili\u011fi art\u0131rmaya y\u00f6nelik \u00e7al\u0131\u015fmalar\u0131na devam etmektedir.<\/p>\n<p>Gayrimenkul sekt\u00f6r\u00fcnde 25 y\u0131l\u0131k bir tecr\u00fcbemiz var.<\/p>\n<p>Kuruldu\u011fumuz g\u00fcnden bu yana daima en iyi olmay\u0131 hedefleyerek devam etti\u011fimiz yolumuzda, en iyi, en b\u00fcy\u00fck, en \u00e7ok ses getiren projelere imza atmaya devam edece\u011fiz.[\/vc_column_text][\/vc_column][\/vc_row]<\/p>\n","protected":false},"excerpt":{"rendered":"<p>[vc_row][vc_column width=&#8221;1\/4&#8243; offset=&#8221;vc_hidden-xs&#8221;][vc_wp_custommenu nav_menu=&#8221;18&#8243; el_class=&#8221;sayfamenu&#8221;][\/vc_column][vc_column width=&#8221;3\/4&#8243;][vc_single_image image=&#8221;2744&#8243; img_size=&#8221;full&#8221; alignment=&#8221;center&#8221; style=&#8221;vc_box_shadow&#8221;][vc_column_text]DEWLEMEND HOLD\u0130NG, T\u00fcrkiye\u2019nin en k\u00f6kl\u00fc ve itibarl\u0131 b\u00fcy\u00fck i\u015fletmelerinden biridir. Gayrimenkul, \u0130n\u015faat, Enerji ve Otomotiv sekt\u00f6rlerinde hizmet verir. Esas faaliyet alan\u0131 in\u015faat olan DEWLEMEND HOLD\u0130NG, \u00f6ncelikle T\u00fcrkiye\u2019 de daha sonras\u0131nda da Rusya, Azerbaycan, Irak, Cezayir\u2019 de yurtd\u0131\u015f\u0131 projesi alan T\u00fcrk m\u00fcteahhit firmas\u0131 olarak bir\u00e7ok ilke imza&hellip;<\/p>\n","protected":false},"author":1,"featured_media":0,"parent":0,"menu_order":0,"comment_status":"closed","ping_status":"closed","template":"","meta":[],"yoast_head":"<!-- This site is optimized with the Yoast SEO plugin v19.9 - https:\/\/yoast.com\/wordpress\/plugins\/seo\/ -->\n<title>Hakk\u0131m\u0131zda | Dewlemend \u0130n\u015faat<\/title>\n<meta name=\"robots\" content=\"index, follow, max-snippet:-1, max-image-preview:large, max-video-preview:-1\" \/>\n<link rel=\"canonical\" href=\"https:\/\/www.dewlemend.com\/insaat\/hakkimizda\/\" \/>\n<meta property=\"og:locale\" content=\"tr_TR\" \/>\n<meta property=\"og:type\" content=\"article\" \/>\n<meta property=\"og:title\" content=\"Hakk\u0131m\u0131zda | Dewlemend \u0130n\u015faat\" \/>\n<meta property=\"og:description\" content=\"[vc_row][vc_column width=&#8221;1\/4&#8243; offset=&#8221;vc_hidden-xs&#8221;][vc_wp_custommenu nav_menu=&#8221;18&#8243; el_class=&#8221;sayfamenu&#8221;][\/vc_column][vc_column width=&#8221;3\/4&#8243;][vc_single_image image=&#8221;2744&#8243; img_size=&#8221;full&#8221; alignment=&#8221;center&#8221; style=&#8221;vc_box_shadow&#8221;][vc_column_text]DEWLEMEND HOLD\u0130NG, T\u00fcrkiye\u2019nin en k\u00f6kl\u00fc ve itibarl\u0131 b\u00fcy\u00fck i\u015fletmelerinden biridir. Gayrimenkul, \u0130n\u015faat, Enerji ve Otomotiv sekt\u00f6rlerinde hizmet verir. Esas faaliyet alan\u0131 in\u015faat olan DEWLEMEND HOLD\u0130NG, \u00f6ncelikle T\u00fcrkiye\u2019 de daha sonras\u0131nda da Rusya, Azerbaycan, Irak, Cezayir\u2019 de yurtd\u0131\u015f\u0131 projesi alan T\u00fcrk m\u00fcteahhit firmas\u0131 olarak bir\u00e7ok ilke imza&hellip;\" \/>\n<meta property=\"og:url\" content=\"https:\/\/www.dewlemend.com\/insaat\/hakkimizda\/\" \/>\n<meta property=\"og:site_name\" content=\"Dewlemend \u0130n\u015faat\" \/>\n<meta property=\"article:modified_time\" content=\"2022-10-07T07:19:51+00:00\" \/>\n<meta name=\"twitter:card\" content=\"summary_large_image\" \/>\n<meta name=\"twitter:label1\" content=\"Tahmini okuma s\u00fcresi\" \/>\n\t<meta name=\"twitter:data1\" content=\"3 dakika\" \/>\n<script type=\"application\/ld+json\" class=\"yoast-schema-graph\">{\"@context\":\"https:\/\/schema.org\",\"@graph\":[{\"@type\":\"WebPage\",\"@id\":\"https:\/\/www.dewlemend.com\/insaat\/hakkimizda\/\",\"url\":\"https:\/\/www.dewlemend.com\/insaat\/hakkimizda\/\",\"name\":\"Hakk\u0131m\u0131zda | Dewlemend \u0130n\u015faat\",\"isPartOf\":{\"@id\":\"https:\/\/www.dewlemend.com\/insaat\/en\/#website\"},\"datePublished\":\"2019-07-17T15:07:03+00:00\",\"dateModified\":\"2022-10-07T07:19:51+00:00\",\"breadcrumb\":{\"@id\":\"https:\/\/www.dewlemend.com\/insaat\/hakkimizda\/#breadcrumb\"},\"inLanguage\":\"tr\",\"potentialAction\":[{\"@type\":\"ReadAction\",\"target\":[\"https:\/\/www.dewlemend.com\/insaat\/hakkimizda\/\"]}]},{\"@type\":\"BreadcrumbList\",\"@id\":\"https:\/\/www.dewlemend.com\/insaat\/hakkimizda\/#breadcrumb\",\"itemListElement\":[{\"@type\":\"ListItem\",\"position\":1,\"name\":\"Anasayfa\",\"item\":\"https:\/\/www.dewlemend.com\/insaat\/\"},{\"@type\":\"ListItem\",\"position\":2,\"name\":\"Hakk\u0131m\u0131zda\"}]},{\"@type\":\"WebSite\",\"@id\":\"https:\/\/www.dewlemend.com\/insaat\/en\/#website\",\"url\":\"https:\/\/www.dewlemend.com\/insaat\/en\/\",\"name\":\"Dewlemend \u0130n\u015faat\",\"description\":\"\",\"publisher\":{\"@id\":\"https:\/\/www.dewlemend.com\/insaat\/en\/#organization\"},\"potentialAction\":[{\"@type\":\"SearchAction\",\"target\":{\"@type\":\"EntryPoint\",\"urlTemplate\":\"https:\/\/www.dewlemend.com\/insaat\/en\/?s={search_term_string}\"},\"query-input\":\"required name=search_term_string\"}],\"inLanguage\":\"tr\"},{\"@type\":\"Organization\",\"@id\":\"https:\/\/www.dewlemend.com\/insaat\/en\/#organization\",\"name\":\"Dewlemend \u0130n\u015faat\",\"url\":\"https:\/\/www.dewlemend.com\/insaat\/en\/\",\"logo\":{\"@type\":\"ImageObject\",\"inLanguage\":\"tr\",\"@id\":\"https:\/\/www.dewlemend.com\/insaat\/en\/#\/schema\/logo\/image\/\",\"url\":\"https:\/\/www.dewlemend.com\/insaat\/wp-content\/uploads\/2022\/09\/dewlemend-grup-sirket-gorsel-2.jpg\",\"contentUrl\":\"https:\/\/www.dewlemend.com\/insaat\/wp-content\/uploads\/2022\/09\/dewlemend-grup-sirket-gorsel-2.jpg\",\"width\":425,\"height\":322,\"caption\":\"Dewlemend \u0130n\u015faat\"},\"image\":{\"@id\":\"https:\/\/www.dewlemend.com\/insaat\/en\/#\/schema\/logo\/image\/\"},\"sameAs\":[\"https:\/\/www.instagram.com\/holdingdewlemend\/\"]}]}<\/script>\n<!-- \/ Yoast SEO plugin. -->","yoast_head_json":{"title":"Hakk\u0131m\u0131zda | Dewlemend \u0130n\u015faat","robots":{"index":"index","follow":"follow","max-snippet":"max-snippet:-1","max-image-preview":"max-image-preview:large","max-video-preview":"max-video-preview:-1"},"canonical":"https:\/\/www.dewlemend.com\/insaat\/hakkimizda\/","og_locale":"tr_TR","og_type":"article","og_title":"Hakk\u0131m\u0131zda | Dewlemend \u0130n\u015faat","og_description":"[vc_row][vc_column width=&#8221;1\/4&#8243; offset=&#8221;vc_hidden-xs&#8221;][vc_wp_custommenu nav_menu=&#8221;18&#8243; el_class=&#8221;sayfamenu&#8221;][\/vc_column][vc_column width=&#8221;3\/4&#8243;][vc_single_image image=&#8221;2744&#8243; img_size=&#8221;full&#8221; alignment=&#8221;center&#8221; style=&#8221;vc_box_shadow&#8221;][vc_column_text]DEWLEMEND HOLD\u0130NG, T\u00fcrkiye\u2019nin en k\u00f6kl\u00fc ve itibarl\u0131 b\u00fcy\u00fck i\u015fletmelerinden biridir. Gayrimenkul, \u0130n\u015faat, Enerji ve Otomotiv sekt\u00f6rlerinde hizmet verir. Esas faaliyet alan\u0131 in\u015faat olan DEWLEMEND HOLD\u0130NG, \u00f6ncelikle T\u00fcrkiye\u2019 de daha sonras\u0131nda da Rusya, Azerbaycan, Irak, Cezayir\u2019 de yurtd\u0131\u015f\u0131 projesi alan T\u00fcrk m\u00fcteahhit firmas\u0131 olarak bir\u00e7ok ilke imza&hellip;","og_url":"https:\/\/www.dewlemend.com\/insaat\/hakkimizda\/","og_site_name":"Dewlemend \u0130n\u015faat","article_modified_time":"2022-10-07T07:19:51+00:00","twitter_card":"summary_large_image","twitter_misc":{"Tahmini okuma s\u00fcresi":"3 dakika"},"schema":{"@context":"https:\/\/schema.org","@graph":[{"@type":"WebPage","@id":"https:\/\/www.dewlemend.com\/insaat\/hakkimizda\/","url":"https:\/\/www.dewlemend.com\/insaat\/hakkimizda\/","name":"Hakk\u0131m\u0131zda | Dewlemend \u0130n\u015faat","isPartOf":{"@id":"https:\/\/www.dewlemend.com\/insaat\/en\/#website"},"datePublished":"2019-07-17T15:07:03+00:00","dateModified":"2022-10-07T07:19:51+00:00","breadcrumb":{"@id":"https:\/\/www.dewlemend.com\/insaat\/hakkimizda\/#breadcrumb"},"inLanguage":"tr","potentialAction":[{"@type":"ReadAction","target":["https:\/\/www.dewlemend.com\/insaat\/hakkimizda\/"]}]},{"@type":"BreadcrumbList","@id":"https:\/\/www.dewlemend.com\/insaat\/hakkimizda\/#breadcrumb","itemListElement":[{"@type":"ListItem","position":1,"name":"Anasayfa","item":"https:\/\/www.dewlemend.com\/insaat\/"},{"@type":"ListItem","position":2,"name":"Hakk\u0131m\u0131zda"}]},{"@type":"WebSite","@id":"https:\/\/www.dewlemend.com\/insaat\/en\/#website","url":"https:\/\/www.dewlemend.com\/insaat\/en\/","name":"Dewlemend \u0130n\u015faat","description":"","publisher":{"@id":"https:\/\/www.dewlemend.com\/insaat\/en\/#organization"},"potentialAction":[{"@type":"SearchAction","target":{"@type":"EntryPoint","urlTemplate":"https:\/\/www.dewlemend.com\/insaat\/en\/?s={search_term_string}"},"query-input":"required name=search_term_string"}],"inLanguage":"tr"},{"@type":"Organization","@id":"https:\/\/www.dewlemend.com\/insaat\/en\/#organization","name":"Dewlemend \u0130n\u015faat","url":"https:\/\/www.dewlemend.com\/insaat\/en\/","logo":{"@type":"ImageObject","inLanguage":"tr","@id":"https:\/\/www.dewlemend.com\/insaat\/en\/#\/schema\/logo\/image\/","url":"https:\/\/www.dewlemend.com\/insaat\/wp-content\/uploads\/2022\/09\/dewlemend-grup-sirket-gorsel-2.jpg","contentUrl":"https:\/\/www.dewlemend.com\/insaat\/wp-content\/uploads\/2022\/09\/dewlemend-grup-sirket-gorsel-2.jpg","width":425,"height":322,"caption":"Dewlemend \u0130n\u015faat"},"image":{"@id":"https:\/\/www.dewlemend.com\/insaat\/en\/#\/schema\/logo\/image\/"},"sameAs":["https:\/\/www.instagram.com\/holdingdewlemend\/"]}]}},"_links":{"self":[{"href":"https:\/\/www.dewlemend.com\/insaat\/wp-json\/wp\/v2\/pages\/986"}],"collection":[{"href":"https:\/\/www.dewlemend.com\/insaat\/wp-json\/wp\/v2\/pages"}],"about":[{"href":"https:\/\/www.dewlemend.com\/insaat\/wp-json\/wp\/v2\/types\/page"}],"author":[{"embeddable":true,"href":"https:\/\/www.dewlemend.com\/insaat\/wp-json\/wp\/v2\/users\/1"}],"replies":[{"embeddable":true,"href":"https:\/\/www.dewlemend.com\/insaat\/wp-json\/wp\/v2\/comments?post=986"}],"version-history":[{"count":2,"href":"https:\/\/www.dewlemend.com\/insaat\/wp-json\/wp\/v2\/pages\/986\/revisions"}],"predecessor-version":[{"id":2987,"href":"https:\/\/www.dewlemend.com\/insaat\/wp-json\/wp\/v2\/pages\/986\/revisions\/2987"}],"wp:attachment":[{"href":"https:\/\/www.dewlemend.com\/insaat\/wp-json\/wp\/v2\/media?parent=986"}],"curies":[{"name":"wp","href":"https:\/\/api.w.org\/{rel}","templated":true}]}}