{"id":991,"date":"2019-07-17T18:15:18","date_gmt":"2019-07-17T15:15:18","guid":{"rendered":"http:\/\/www.dewlemend.com\/insaat\/?page_id=991"},"modified":"2022-10-06T10:35:26","modified_gmt":"2022-10-06T07:35:26","slug":"tarihce","status":"publish","type":"page","link":"https:\/\/www.dewlemend.com\/insaat\/tarihce\/","title":{"rendered":"Tarih\u00e7e"},"content":{"rendered":"<p>[vc_row][vc_column]<div class=\"smile-icon-timeline-wrap csstime   \"     style=\"\"><div class=\"timeline-line \" style=\"border-right-color:;\"><span><\/span><\/div><div class=\"timeline-wrapper\"><div class=\"timeline-block \"><div class=\"timeline-dot\"><\/div><div class=\"ult-timeline-arrow\"><s><\/s><l><\/l><\/div><div class=\"timeline-icon-block\"><div class=\"ult-timeline-icon tl-icon-no-bg\" style=\"   \"><\/div> <!-- icon --><\/div><div class=\"timeline-header-block\" >\n\t\t\t\t\t\t\t<div id=\"timeline-item-3990\" class=\"timeline-header\" style=\"\"><h3 class=\"ult-timeline-title ult-responsive\"  data-ultimate-target='#timeline-item-3990 .ult-timeline-title'  data-responsive-json-new='{\"font-size\":\"\",\"line-height\":\"\"}'  style=\"\">2020<\/h3><div class=\"ult-responsive timeline-item-spt\"  data-ultimate-target='#timeline-item-3990 .timeline-item-spt'  data-responsive-json-new='{\"font-size\":\"\",\"line-height\":\"\"}'  style=\"\">Dewlemend Otomotiv 2020 Y\u0131l\u0131nda Uzun D\u00f6nem Filo Ara\u00e7 Kiralama \u0130le Faaliyetlerine Ba\u015flam\u0131\u015ft\u0131r. Dewlemend Otomotiv 2022 Y\u0131l\u0131nda 2. EL Otomobil Al\u0131m Ve Sat\u0131m Faaliyetlerine Ba\u015flam\u0131\u015ft\u0131r.<\/div><\/div> <!-- header --><\/div><\/div><div class=\"timeline-block \"><div class=\"timeline-dot\"><\/div><div class=\"ult-timeline-arrow\"><s><\/s><l><\/l><\/div><div class=\"timeline-icon-block\"><div class=\"ult-timeline-icon tl-icon-no-bg\" style=\"   \"><\/div> <!-- icon --><\/div><div class=\"timeline-header-block\" >\n\t\t\t\t\t\t\t<div id=\"timeline-item-7007\" class=\"timeline-header\" style=\"\"><h3 class=\"ult-timeline-title ult-responsive\"  data-ultimate-target='#timeline-item-7007 .ult-timeline-title'  data-responsive-json-new='{\"font-size\":\"\",\"line-height\":\"\"}'  style=\"\">2009<\/h3><div class=\"ult-responsive timeline-item-spt\"  data-ultimate-target='#timeline-item-7007 .timeline-item-spt'  data-responsive-json-new='{\"font-size\":\"\",\"line-height\":\"\"}'  style=\"\">Dewlemend, 2009 y\u0131l\u0131nda \u0130n\u015faat ve Gayrimenkul sekt\u00f6r\u00fcnde s\u00fcrd\u00fcr\u00fclebilir b\u00fcy\u00fcme stratejisiyle \u00f6n s\u0131ralarda yer almay\u0131 hedefledi.<\/div><\/div> <!-- header --><\/div><\/div><div class=\"timeline-block \"><div class=\"timeline-dot\"><\/div><div class=\"ult-timeline-arrow\"><s><\/s><l><\/l><\/div><div class=\"timeline-icon-block\"><div class=\"ult-timeline-icon tl-icon-no-bg\" style=\"   \"><\/div> <!-- icon --><\/div><div class=\"timeline-header-block\" >\n\t\t\t\t\t\t\t<div id=\"timeline-item-4307\" class=\"timeline-header\" style=\"\"><h3 class=\"ult-timeline-title ult-responsive\"  data-ultimate-target='#timeline-item-4307 .ult-timeline-title'  data-responsive-json-new='{\"font-size\":\"\",\"line-height\":\"\"}'  style=\"\">2007<\/h3><div class=\"ult-responsive timeline-item-spt\"  data-ultimate-target='#timeline-item-4307 .timeline-item-spt'  data-responsive-json-new='{\"font-size\":\"\",\"line-height\":\"\"}'  style=\"\">Dewlemend Gayrimenkul sekt\u00f6r\u00fcne girdi.<\/div><\/div> <!-- header --><\/div><\/div><div class=\"timeline-block \"><div class=\"timeline-dot\"><\/div><div class=\"ult-timeline-arrow\"><s><\/s><l><\/l><\/div><div class=\"timeline-icon-block\"><div class=\"ult-timeline-icon tl-icon-no-bg\" style=\"   \"><\/div> <!-- icon --><\/div><div class=\"timeline-header-block\" >\n\t\t\t\t\t\t\t<div id=\"timeline-item-6016\" class=\"timeline-header\" style=\"\"><h3 class=\"ult-timeline-title ult-responsive\"  data-ultimate-target='#timeline-item-6016 .ult-timeline-title'  data-responsive-json-new='{\"font-size\":\"\",\"line-height\":\"\"}'  style=\"\">1995<\/h3><div class=\"ult-responsive timeline-item-spt\"  data-ultimate-target='#timeline-item-6016 .timeline-item-spt'  data-responsive-json-new='{\"font-size\":\"\",\"line-height\":\"\"}'  style=\"\">1995 y\u0131l\u0131nda kurulan Dewlemend \u0130n\u015faat, havalimanlar\u0131, limanlar, otoyollar, barajlar, hidroelektrik santraller, ar\u0131tma tesisleri, fabrikalar, end\u00fcstriyel tesisler, g\u0131da tesisleri, boru hatlar\u0131, karma kullan\u0131ml\u0131 kompleks yap\u0131lar, otel in\u015faatlar\u0131 dahil t\u00fcm altyap\u0131 ve \u00fcstyap\u0131 projelerinde uzmanla\u015farak, bug\u00fcn d\u00fcnyan\u0131n \u00f6nde gelen in\u015faat \u015firketleri ile birlikte, (ENR) Engineering News-Record ilk 250 uluslararas\u0131 in\u015faat \u015firketleri s\u0131ralamas\u0131nda yer almaktad\u0131r. \u015eirket, teknik yetenek ve y\u0131llar\u0131n kazand\u0131rd\u0131\u011f\u0131 deneyimini, kalite, h\u0131z, y\u00fcksek teknoloji, yarat\u0131c\u0131l\u0131k ve kurumsal sorumluluk anlay\u0131\u015f\u0131yla birle\u015ftirerek, stratejik \u00f6neme haiz pek \u00e7ok b\u00fcy\u00fck projeyi \u00f6ng\u00f6r\u00fclen tarihten \u00f6nce ba\u015far\u0131yla tamamlam\u0131\u015ft\u0131r.<\/div><\/div> <!-- header --><\/div><\/div><div class=\"timeline-block \"><div class=\"timeline-dot\"><\/div><div class=\"ult-timeline-arrow\"><s><\/s><l><\/l><\/div><div class=\"timeline-icon-block\"><div class=\"ult-timeline-icon tl-icon-no-bg\" style=\"   \"><\/div> <!-- icon --><\/div><div class=\"timeline-header-block\" >\n\t\t\t\t\t\t\t<div id=\"timeline-item-8438\" class=\"timeline-header\" style=\"\"><h3 class=\"ult-timeline-title ult-responsive\"  data-ultimate-target='#timeline-item-8438 .ult-timeline-title'  data-responsive-json-new='{\"font-size\":\"\",\"line-height\":\"\"}'  style=\"\">1995<\/h3><div class=\"ult-responsive timeline-item-spt\"  data-ultimate-target='#timeline-item-8438 .timeline-item-spt'  data-responsive-json-new='{\"font-size\":\"\",\"line-height\":\"\"}'  style=\"\">Temelleri 1995 y\u0131l\u0131nda Dewlemend Emlak ile at\u0131lan Dewlemend, in\u015faat, altyap\u0131, \u00fcstyap\u0131 ve enerji yat\u0131r\u0131mlar\u0131, enerji taahh\u00fct, alanlar\u0131nda faaliyetlerini s\u00fcrd\u00fcrmektedir.<\/div><\/div> <!-- header --><\/div><\/div><div class=\"timeline-block \"><div class=\"timeline-dot\"><\/div><div class=\"ult-timeline-arrow\"><s><\/s><l><\/l><\/div><div class=\"timeline-icon-block\"><div class=\"ult-timeline-icon tl-icon-no-bg\" style=\"   \"><\/div> <!-- icon --><\/div><div class=\"timeline-header-block\" >\n\t\t\t\t\t\t\t<div id=\"timeline-item-7966\" class=\"timeline-header\" style=\"\"><h3 class=\"ult-timeline-title ult-responsive\"  data-ultimate-target='#timeline-item-7966 .ult-timeline-title'  data-responsive-json-new='{\"font-size\":\"\",\"line-height\":\"\"}'  style=\"\">1995<\/h3><div class=\"ult-responsive timeline-item-spt\"  data-ultimate-target='#timeline-item-7966 .timeline-item-spt'  data-responsive-json-new='{\"font-size\":\"\",\"line-height\":\"\"}'  style=\"\">Dewlemend, 1995 y\u0131l\u0131nda Dewlemend Emlak\u2019la faaliyetlerine ba\u015flad\u0131. \u0130lk y\u0131llarda Emlak al\u0131m, sat\u0131m, kiralama vb. arac\u0131l\u0131k i\u015fleri. Dewlemend in\u015faat daha sonraki y\u0131llarda, binalardan, boru hatlar\u0131ndan ar\u0131tma tesislerine, otoyollardan k\u00f6pr\u00fc, bina komplekslerinden end\u00fcstriyel tesislere kadar \u00e7ok say\u0131da projeye imza att\u0131.<\/div><\/div> <!-- header --><\/div><\/div><\/div><\/div>[\/vc_column][\/vc_row]<\/p>\n","protected":false},"excerpt":{"rendered":"<p>[vc_row][vc_column][\/vc_column][\/vc_row]<\/p>\n","protected":false},"author":1,"featured_media":0,"parent":0,"menu_order":0,"comment_status":"closed","ping_status":"closed","template":"","meta":[],"yoast_head":"<!-- This site is optimized with the Yoast SEO plugin v19.9 - https:\/\/yoast.com\/wordpress\/plugins\/seo\/ -->\n<title>Tarih\u00e7e | Dewlemend \u0130n\u015faat<\/title>\n<meta name=\"robots\" content=\"index, follow, max-snippet:-1, max-image-preview:large, max-video-preview:-1\" \/>\n<link rel=\"canonical\" href=\"https:\/\/www.dewlemend.com\/insaat\/tarihce\/\" \/>\n<meta property=\"og:locale\" content=\"tr_TR\" \/>\n<meta property=\"og:type\" content=\"article\" \/>\n<meta property=\"og:title\" content=\"Tarih\u00e7e | Dewlemend \u0130n\u015faat\" \/>\n<meta property=\"og:description\" content=\"[vc_row][vc_column][\/vc_column][\/vc_row]\" \/>\n<meta property=\"og:url\" content=\"https:\/\/www.dewlemend.com\/insaat\/tarihce\/\" \/>\n<meta property=\"og:site_name\" content=\"Dewlemend \u0130n\u015faat\" \/>\n<meta property=\"article:modified_time\" content=\"2022-10-06T07:35:26+00:00\" \/>\n<meta name=\"twitter:card\" content=\"summary_large_image\" \/>\n<meta name=\"twitter:label1\" content=\"Tahmini okuma s\u00fcresi\" \/>\n\t<meta name=\"twitter:data1\" content=\"2 dakika\" \/>\n<script type=\"application\/ld+json\" class=\"yoast-schema-graph\">{\"@context\":\"https:\/\/schema.org\",\"@graph\":[{\"@type\":\"WebPage\",\"@id\":\"https:\/\/www.dewlemend.com\/insaat\/tarihce\/\",\"url\":\"https:\/\/www.dewlemend.com\/insaat\/tarihce\/\",\"name\":\"Tarih\u00e7e | Dewlemend \u0130n\u015faat\",\"isPartOf\":{\"@id\":\"https:\/\/www.dewlemend.com\/insaat\/en\/#website\"},\"datePublished\":\"2019-07-17T15:15:18+00:00\",\"dateModified\":\"2022-10-06T07:35:26+00:00\",\"breadcrumb\":{\"@id\":\"https:\/\/www.dewlemend.com\/insaat\/tarihce\/#breadcrumb\"},\"inLanguage\":\"tr\",\"potentialAction\":[{\"@type\":\"ReadAction\",\"target\":[\"https:\/\/www.dewlemend.com\/insaat\/tarihce\/\"]}]},{\"@type\":\"BreadcrumbList\",\"@id\":\"https:\/\/www.dewlemend.com\/insaat\/tarihce\/#breadcrumb\",\"itemListElement\":[{\"@type\":\"ListItem\",\"position\":1,\"name\":\"Anasayfa\",\"item\":\"https:\/\/www.dewlemend.com\/insaat\/\"},{\"@type\":\"ListItem\",\"position\":2,\"name\":\"Tarih\u00e7e\"}]},{\"@type\":\"WebSite\",\"@id\":\"https:\/\/www.dewlemend.com\/insaat\/en\/#website\",\"url\":\"https:\/\/www.dewlemend.com\/insaat\/en\/\",\"name\":\"Dewlemend \u0130n\u015faat\",\"description\":\"\",\"publisher\":{\"@id\":\"https:\/\/www.dewlemend.com\/insaat\/en\/#organization\"},\"potentialAction\":[{\"@type\":\"SearchAction\",\"target\":{\"@type\":\"EntryPoint\",\"urlTemplate\":\"https:\/\/www.dewlemend.com\/insaat\/en\/?s={search_term_string}\"},\"query-input\":\"required name=search_term_string\"}],\"inLanguage\":\"tr\"},{\"@type\":\"Organization\",\"@id\":\"https:\/\/www.dewlemend.com\/insaat\/en\/#organization\",\"name\":\"Dewlemend \u0130n\u015faat\",\"url\":\"https:\/\/www.dewlemend.com\/insaat\/en\/\",\"logo\":{\"@type\":\"ImageObject\",\"inLanguage\":\"tr\",\"@id\":\"https:\/\/www.dewlemend.com\/insaat\/en\/#\/schema\/logo\/image\/\",\"url\":\"https:\/\/www.dewlemend.com\/insaat\/wp-content\/uploads\/2022\/09\/dewlemend-grup-sirket-gorsel-2.jpg\",\"contentUrl\":\"https:\/\/www.dewlemend.com\/insaat\/wp-content\/uploads\/2022\/09\/dewlemend-grup-sirket-gorsel-2.jpg\",\"width\":425,\"height\":322,\"caption\":\"Dewlemend \u0130n\u015faat\"},\"image\":{\"@id\":\"https:\/\/www.dewlemend.com\/insaat\/en\/#\/schema\/logo\/image\/\"},\"sameAs\":[\"https:\/\/www.instagram.com\/holdingdewlemend\/\"]}]}<\/script>\n<!-- \/ Yoast SEO plugin. -->","yoast_head_json":{"title":"Tarih\u00e7e | Dewlemend \u0130n\u015faat","robots":{"index":"index","follow":"follow","max-snippet":"max-snippet:-1","max-image-preview":"max-image-preview:large","max-video-preview":"max-video-preview:-1"},"canonical":"https:\/\/www.dewlemend.com\/insaat\/tarihce\/","og_locale":"tr_TR","og_type":"article","og_title":"Tarih\u00e7e | Dewlemend \u0130n\u015faat","og_description":"[vc_row][vc_column][\/vc_column][\/vc_row]","og_url":"https:\/\/www.dewlemend.com\/insaat\/tarihce\/","og_site_name":"Dewlemend \u0130n\u015faat","article_modified_time":"2022-10-06T07:35:26+00:00","twitter_card":"summary_large_image","twitter_misc":{"Tahmini okuma s\u00fcresi":"2 dakika"},"schema":{"@context":"https:\/\/schema.org","@graph":[{"@type":"WebPage","@id":"https:\/\/www.dewlemend.com\/insaat\/tarihce\/","url":"https:\/\/www.dewlemend.com\/insaat\/tarihce\/","name":"Tarih\u00e7e | Dewlemend \u0130n\u015faat","isPartOf":{"@id":"https:\/\/www.dewlemend.com\/insaat\/en\/#website"},"datePublished":"2019-07-17T15:15:18+00:00","dateModified":"2022-10-06T07:35:26+00:00","breadcrumb":{"@id":"https:\/\/www.dewlemend.com\/insaat\/tarihce\/#breadcrumb"},"inLanguage":"tr","potentialAction":[{"@type":"ReadAction","target":["https:\/\/www.dewlemend.com\/insaat\/tarihce\/"]}]},{"@type":"BreadcrumbList","@id":"https:\/\/www.dewlemend.com\/insaat\/tarihce\/#breadcrumb","itemListElement":[{"@type":"ListItem","position":1,"name":"Anasayfa","item":"https:\/\/www.dewlemend.com\/insaat\/"},{"@type":"ListItem","position":2,"name":"Tarih\u00e7e"}]},{"@type":"WebSite","@id":"https:\/\/www.dewlemend.com\/insaat\/en\/#website","url":"https:\/\/www.dewlemend.com\/insaat\/en\/","name":"Dewlemend \u0130n\u015faat","description":"","publisher":{"@id":"https:\/\/www.dewlemend.com\/insaat\/en\/#organization"},"potentialAction":[{"@type":"SearchAction","target":{"@type":"EntryPoint","urlTemplate":"https:\/\/www.dewlemend.com\/insaat\/en\/?s={search_term_string}"},"query-input":"required name=search_term_string"}],"inLanguage":"tr"},{"@type":"Organization","@id":"https:\/\/www.dewlemend.com\/insaat\/en\/#organization","name":"Dewlemend \u0130n\u015faat","url":"https:\/\/www.dewlemend.com\/insaat\/en\/","logo":{"@type":"ImageObject","inLanguage":"tr","@id":"https:\/\/www.dewlemend.com\/insaat\/en\/#\/schema\/logo\/image\/","url":"https:\/\/www.dewlemend.com\/insaat\/wp-content\/uploads\/2022\/09\/dewlemend-grup-sirket-gorsel-2.jpg","contentUrl":"https:\/\/www.dewlemend.com\/insaat\/wp-content\/uploads\/2022\/09\/dewlemend-grup-sirket-gorsel-2.jpg","width":425,"height":322,"caption":"Dewlemend \u0130n\u015faat"},"image":{"@id":"https:\/\/www.dewlemend.com\/insaat\/en\/#\/schema\/logo\/image\/"},"sameAs":["https:\/\/www.instagram.com\/holdingdewlemend\/"]}]}},"_links":{"self":[{"href":"https:\/\/www.dewlemend.com\/insaat\/wp-json\/wp\/v2\/pages\/991"}],"collection":[{"href":"https:\/\/www.dewlemend.com\/insaat\/wp-json\/wp\/v2\/pages"}],"about":[{"href":"https:\/\/www.dewlemend.com\/insaat\/wp-json\/wp\/v2\/types\/page"}],"author":[{"embeddable":true,"href":"https:\/\/www.dewlemend.com\/insaat\/wp-json\/wp\/v2\/users\/1"}],"replies":[{"embeddable":true,"href":"https:\/\/www.dewlemend.com\/insaat\/wp-json\/wp\/v2\/comments?post=991"}],"version-history":[{"count":1,"href":"https:\/\/www.dewlemend.com\/insaat\/wp-json\/wp\/v2\/pages\/991\/revisions"}],"predecessor-version":[{"id":2965,"href":"https:\/\/www.dewlemend.com\/insaat\/wp-json\/wp\/v2\/pages\/991\/revisions\/2965"}],"wp:attachment":[{"href":"https:\/\/www.dewlemend.com\/insaat\/wp-json\/wp\/v2\/media?parent=991"}],"curies":[{"name":"wp","href":"https:\/\/api.w.org\/{rel}","templated":true}]}}